{"id":103,"date":"2012-07-02T05:43:09","date_gmt":"2012-07-02T05:43:09","guid":{"rendered":"http:\/\/mapatao.free.fr\/?page_id=103"},"modified":"2012-07-02T05:43:09","modified_gmt":"2012-07-02T05:43:09","slug":"cote-divoire","status":"publish","type":"page","link":"https:\/\/mapatao.fr\/voyages\/?page_id=103","title":{"rendered":"C\u00f4te d&rsquo;Ivoire"},"content":{"rendered":"<p>Page en construction, d\u00e9tails \u00e0 venir<\/p>\n","protected":false},"excerpt":{"rendered":"<p>Page en construction, d\u00e9tails \u00e0 venir<\/p>\n","protected":false},"author":1,"featured_media":0,"parent":2337,"menu_order":20,"comment_status":"open","ping_status":"closed","template":"","meta":{"jetpack_post_was_ever_published":false,"footnotes":""},"class_list":["post-103","page","type-page","status-publish","hentry"],"jetpack_sharing_enabled":true,"jetpack_shortlink":"https:\/\/wp.me\/P6Bpot-1F","jetpack_likes_enabled":true,"_links":{"self":[{"href":"https:\/\/mapatao.fr\/voyages\/index.php?rest_route=\/wp\/v2\/pages\/103","targetHints":{"allow":["GET"]}}],"collection":[{"href":"https:\/\/mapatao.fr\/voyages\/index.php?rest_route=\/wp\/v2\/pages"}],"about":[{"href":"https:\/\/mapatao.fr\/voyages\/index.php?rest_route=\/wp\/v2\/types\/page"}],"author":[{"embeddable":true,"href":"https:\/\/mapatao.fr\/voyages\/index.php?rest_route=\/wp\/v2\/users\/1"}],"replies":[{"embeddable":true,"href":"https:\/\/mapatao.fr\/voyages\/index.php?rest_route=%2Fwp%2Fv2%2Fcomments&post=103"}],"version-history":[{"count":0,"href":"https:\/\/mapatao.fr\/voyages\/index.php?rest_route=\/wp\/v2\/pages\/103\/revisions"}],"up":[{"embeddable":true,"href":"https:\/\/mapatao.fr\/voyages\/index.php?rest_route=\/wp\/v2\/pages\/2337"}],"wp:attachment":[{"href":"https:\/\/mapatao.fr\/voyages\/index.php?rest_route=%2Fwp%2Fv2%2Fmedia&parent=103"}],"curies":[{"name":"wp","href":"https:\/\/api.w.org\/{rel}","templated":true}]}}