{"id":11,"date":"2012-06-28T14:51:40","date_gmt":"2012-06-28T14:51:40","guid":{"rendered":"http:\/\/mapatao.free.fr\/?page_id=11"},"modified":"2016-12-02T08:50:56","modified_gmt":"2016-12-02T08:50:56","slug":"namibie-botswana-zimbabwe","status":"publish","type":"page","link":"https:\/\/mapatao.fr\/voyages\/?page_id=11","title":{"rendered":"Namibie, Botswana, Zimbabwe (2009)"},"content":{"rendered":"<p><strong>D\u00e9cembre 2009 &#8211; Janvier 2010<\/strong><\/p>\n<p><a href=\"http:\/\/mapatao.fr\/voyages\/wp-content\/uploads\/2015\/08\/himba-2.jpg\"><img loading=\"lazy\" decoding=\"async\" class=\"size-medium wp-image-3287 alignleft\" src=\"http:\/\/mapatao.fr\/voyages\/wp-content\/uploads\/2015\/08\/himba-2-300x264.jpg\" alt=\"\" width=\"300\" height=\"264\" srcset=\"https:\/\/mapatao.fr\/voyages\/wp-content\/uploads\/2015\/08\/himba-2-300x264.jpg 300w, https:\/\/mapatao.fr\/voyages\/wp-content\/uploads\/2015\/08\/himba-2-1024x902.jpg 1024w\" sizes=\"auto, (max-width: 300px) 100vw, 300px\" \/><\/a>En Namibie, tout est grandiose. Les paysages \u00e0 perte de vue, vides de population ou presque, alternent des plaines lunaires ou de colossales dunes de sable rouge, des c\u00f4tes d\u00e9sertiques o\u00f9 la vie semble impossible. Et pourtant\u2026 De la rocaille \u00e9merge soudain la silhouette d\u2019un koudou, d\u2019un z\u00e8bre, d\u2019un oryx, les girafes, autruches &#8230;<\/p>\n<p>Au Botswana,\u00a0 40 % des terres sont laiss\u00e9es \u00e0 la vie sauvage et c&rsquo;est l&rsquo;heure des safaris accompagn\u00e9s. Les parcs nationaux et les r\u00e9serves naturelles abritent la plupart des esp\u00e8ces animales d&rsquo;Afrique australe et on en prend pliin la vue.<\/p>\n<p>Nous ne pouvions pas voyager en Afrique australe sans faire le d\u00e9tour sur Victoria falls. Ce mur d&rsquo;1,7 km de large pr\u00e9cipite chaque minute quelque 550 000 m3 d&rsquo;eau dans les gorges du Zamb\u00e8ze, 100 m plus bas. Le bruit est impressionnant et la promenade \u00e0 pied au-dessus des chutes offre de superbes points de vue.<\/p>\n","protected":false},"excerpt":{"rendered":"<p>D\u00e9cembre 2009 &#8211; Janvier 2010 En Namibie, tout est grandiose. Les paysages \u00e0 perte de vue, vides de population ou presque, alternent des plaines lunaires ou de colossales dunes de sable rouge, des c\u00f4tes d\u00e9sertiques o\u00f9 la vie semble impossible. Et pourtant\u2026 De la rocaille \u00e9merge soudain la silhouette d\u2019un koudou, d\u2019un z\u00e8bre, d\u2019un oryx,<\/p>\n","protected":false},"author":1,"featured_media":0,"parent":2337,"menu_order":14,"comment_status":"open","ping_status":"closed","template":"","meta":{"jetpack_post_was_ever_published":false,"footnotes":""},"class_list":["post-11","page","type-page","status-publish","hentry"],"jetpack_sharing_enabled":true,"jetpack_shortlink":"https:\/\/wp.me\/P6Bpot-b","jetpack_likes_enabled":true,"_links":{"self":[{"href":"https:\/\/mapatao.fr\/voyages\/index.php?rest_route=\/wp\/v2\/pages\/11","targetHints":{"allow":["GET"]}}],"collection":[{"href":"https:\/\/mapatao.fr\/voyages\/index.php?rest_route=\/wp\/v2\/pages"}],"about":[{"href":"https:\/\/mapatao.fr\/voyages\/index.php?rest_route=\/wp\/v2\/types\/page"}],"author":[{"embeddable":true,"href":"https:\/\/mapatao.fr\/voyages\/index.php?rest_route=\/wp\/v2\/users\/1"}],"replies":[{"embeddable":true,"href":"https:\/\/mapatao.fr\/voyages\/index.php?rest_route=%2Fwp%2Fv2%2Fcomments&post=11"}],"version-history":[{"count":3,"href":"https:\/\/mapatao.fr\/voyages\/index.php?rest_route=\/wp\/v2\/pages\/11\/revisions"}],"predecessor-version":[{"id":4135,"href":"https:\/\/mapatao.fr\/voyages\/index.php?rest_route=\/wp\/v2\/pages\/11\/revisions\/4135"}],"up":[{"embeddable":true,"href":"https:\/\/mapatao.fr\/voyages\/index.php?rest_route=\/wp\/v2\/pages\/2337"}],"wp:attachment":[{"href":"https:\/\/mapatao.fr\/voyages\/index.php?rest_route=%2Fwp%2Fv2%2Fmedia&parent=11"}],"curies":[{"name":"wp","href":"https:\/\/api.w.org\/{rel}","templated":true}]}}