{"id":13,"date":"2012-06-28T14:51:50","date_gmt":"2012-06-28T14:51:50","guid":{"rendered":"http:\/\/mapatao.free.fr\/?page_id=13"},"modified":"2016-12-02T09:02:16","modified_gmt":"2016-12-02T09:02:16","slug":"costa-rica","status":"publish","type":"page","link":"https:\/\/mapatao.fr\/voyages\/?page_id=13","title":{"rendered":"Costa Rica (2010)"},"content":{"rendered":"<p><a href=\"http:\/\/mapatao.fr\/voyages\/wp-content\/uploads\/2012\/07\/montage-2.jpg\"><img loading=\"lazy\" decoding=\"async\" class=\"size-medium wp-image-121 alignleft\" src=\"http:\/\/mapatao.fr\/voyages\/wp-content\/uploads\/2012\/07\/montage-2-237x300.jpg\" alt=\"montage 2\" width=\"237\" height=\"300\" srcset=\"https:\/\/mapatao.fr\/voyages\/wp-content\/uploads\/2012\/07\/montage-2-237x300.jpg 237w, https:\/\/mapatao.fr\/voyages\/wp-content\/uploads\/2012\/07\/montage-2-810x1024.jpg 810w, https:\/\/mapatao.fr\/voyages\/wp-content\/uploads\/2012\/07\/montage-2.jpg 827w\" sizes=\"auto, (max-width: 237px) 100vw, 237px\" \/><\/a>Et\u00e9 2010<\/p>\n<p><em>\u00ab \u00a1 Pura Vida ! \u00bb<\/em>, cette expression f\u00e9tiche du Costa Rica est celle qui d\u00e9crit le mieux ce pays qui d\u00e9borde de vie sous toute ses formes.<br \/>\nCe pays\u00a0nous offre tout \u00e0 la fois des plages de r\u00eave et des sommets vertigineux ; la jungle la plus \u00e9paisse et des steppes lunaires ; des fonds marins dignes des plus beaux aquariums et des for\u00eats immenses \u00e0 couper le souffle ; des mangroves inextricables et deux oc\u00e9ans aux vagues parfois impressionnantes&#8230;<br \/>\n<em>Ce voyage a \u00e9t\u00e9 con\u00e7u avec l&rsquo;aide de Terra Carib\u00e9a<\/em><\/p>\n","protected":false},"excerpt":{"rendered":"<p>Et\u00e9 2010 \u00ab \u00a1 Pura Vida ! \u00bb, cette expression f\u00e9tiche du Costa Rica est celle qui d\u00e9crit le mieux ce pays qui d\u00e9borde de vie sous toute ses formes. Ce pays\u00a0nous offre tout \u00e0 la fois des plages de r\u00eave et des sommets vertigineux ; la jungle la plus \u00e9paisse et des steppes lunaires<\/p>\n","protected":false},"author":1,"featured_media":0,"parent":2337,"menu_order":13,"comment_status":"open","ping_status":"closed","template":"","meta":{"jetpack_post_was_ever_published":false,"footnotes":""},"class_list":["post-13","page","type-page","status-publish","hentry"],"jetpack_sharing_enabled":true,"jetpack_shortlink":"https:\/\/wp.me\/P6Bpot-d","jetpack_likes_enabled":true,"_links":{"self":[{"href":"https:\/\/mapatao.fr\/voyages\/index.php?rest_route=\/wp\/v2\/pages\/13","targetHints":{"allow":["GET"]}}],"collection":[{"href":"https:\/\/mapatao.fr\/voyages\/index.php?rest_route=\/wp\/v2\/pages"}],"about":[{"href":"https:\/\/mapatao.fr\/voyages\/index.php?rest_route=\/wp\/v2\/types\/page"}],"author":[{"embeddable":true,"href":"https:\/\/mapatao.fr\/voyages\/index.php?rest_route=\/wp\/v2\/users\/1"}],"replies":[{"embeddable":true,"href":"https:\/\/mapatao.fr\/voyages\/index.php?rest_route=%2Fwp%2Fv2%2Fcomments&post=13"}],"version-history":[{"count":3,"href":"https:\/\/mapatao.fr\/voyages\/index.php?rest_route=\/wp\/v2\/pages\/13\/revisions"}],"predecessor-version":[{"id":4136,"href":"https:\/\/mapatao.fr\/voyages\/index.php?rest_route=\/wp\/v2\/pages\/13\/revisions\/4136"}],"up":[{"embeddable":true,"href":"https:\/\/mapatao.fr\/voyages\/index.php?rest_route=\/wp\/v2\/pages\/2337"}],"wp:attachment":[{"href":"https:\/\/mapatao.fr\/voyages\/index.php?rest_route=%2Fwp%2Fv2%2Fmedia&parent=13"}],"curies":[{"name":"wp","href":"https:\/\/api.w.org\/{rel}","templated":true}]}}