{"id":15,"date":"2012-06-28T14:52:00","date_gmt":"2012-06-28T14:52:00","guid":{"rendered":"http:\/\/mapatao.free.fr\/?page_id=15"},"modified":"2016-12-02T14:59:00","modified_gmt":"2016-12-02T14:59:00","slug":"chili","status":"publish","type":"page","link":"https:\/\/mapatao.fr\/voyages\/?page_id=15","title":{"rendered":"Carnet de route La R\u00e9union"},"content":{"rendered":"<p>Carnet de Route &#8211; Voyage du 25 d\u00e9cembre 2011 au 9 janvier 2012<\/p>\n<p><strong><span style=\"font-family: Calibri;\">\u00a0<\/span><\/strong><strong><span style=\"font-family: Calibri;\">Saint Denis de la R\u00e9union<\/span><\/strong><\/p>\n<p><span style=\"color: #000000; font-family: Calibri;\"><a href=\"http:\/\/mapatao.fr\/voyages\/wp-content\/uploads\/2015\/08\/reunion-002.jpg\"><img loading=\"lazy\" decoding=\"async\" class=\"size-medium wp-image-3122 alignleft\" src=\"http:\/\/mapatao.fr\/voyages\/wp-content\/uploads\/2015\/08\/reunion-002-300x225.jpg\" alt=\"reunion-002\" width=\"300\" height=\"225\" srcset=\"https:\/\/mapatao.fr\/voyages\/wp-content\/uploads\/2015\/08\/reunion-002-300x225.jpg 300w, https:\/\/mapatao.fr\/voyages\/wp-content\/uploads\/2015\/08\/reunion-002-1024x768.jpg 1024w\" sizes=\"auto, (max-width: 300px) 100vw, 300px\" \/><\/a>Arriv\u00e9e \u00e0 Saint Denis de la R\u00e9union. Prise ne main de notre v\u00e9hicule et installation \u00e0 l&rsquo;h\u00f4tel. Celui-ci tr\u00e8s bruyant n&rsquo;a rien \u00e0 envier. Heureusement c&rsquo;est juste une nuit.<\/span><\/p>\n<p><span style=\"color: #000000; font-family: Calibri;\">Ballade dans la ville (rue pi\u00e9tonne, jardin de l&rsquo;\u00e9tat, pr\u00e9fecture etc.). Nous d\u00e9couvrons les premi\u00e8res cases cr\u00e9oles pleine d&rsquo;\u00e9l\u00e9gance et de raffinement avec certaines fa\u00e7ades color\u00e9es. Sur les murs des bars, des \u00e9piceries s&rsquo;\u00e9talent les publicit\u00e9s pour la bi\u00e8re locale \u00ab\u00a0la DODO l\u00e9 la\u00a0\u00bb. La dodo fait partie du paysage culturel local ! <\/span><\/p>\n<p><span style=\"color: #000000; font-family: Times New Roman; font-size: small;\">\u00a0<\/span><span style=\"color: #000000; font-family: Calibri;\">Et premier soir rime avec premier rhum et premier cari.<\/span><\/p>\n<p><strong><span style=\"font-family: Calibri;\">Cirque de Salazie<\/span><\/strong><\/p>\n<p><span style=\"font-family: Calibri;\"><span style=\"color: #000000;\"><a href=\"http:\/\/mapatao.fr\/voyages\/wp-content\/uploads\/2015\/08\/IMG_1628.jpg\"><img loading=\"lazy\" decoding=\"async\" class=\"size-medium wp-image-3077 alignleft\" src=\"http:\/\/mapatao.fr\/voyages\/wp-content\/uploads\/2015\/08\/IMG_1628-300x200.jpg\" alt=\"IMG_1628\" width=\"300\" height=\"200\" srcset=\"https:\/\/mapatao.fr\/voyages\/wp-content\/uploads\/2015\/08\/IMG_1628-300x200.jpg 300w, https:\/\/mapatao.fr\/voyages\/wp-content\/uploads\/2015\/08\/IMG_1628-1024x683.jpg 1024w\" sizes=\"auto, (max-width: 300px) 100vw, 300px\" \/><\/a>Nous roulons vers le cirque de Salazie <\/span><span style=\"color: #000000;\">jalonn\u00e9e par de nombreuses cascades. Une premi\u00e8re halte s&rsquo;impose aux cascades Niagara. Le site grandiose est entour\u00e9e de champs de canne \u00e0 sucre. Du haut de ses 50 m le d\u00e9bit est impressionnant. Halte rafra\u00eechissante et possibilit\u00e9 de se baigner. Nous continuons sur la cascade D\u00e9lices puis la c\u00e9l\u00e8bre cascade du Voile de la Mari\u00e9e avant d&rsquo;arriver au magnifique village de Hell Bourg. Randonn\u00e9e, ballade le site est splendide. Nous dormirons au relais des cimes dans une vieille case cr\u00e9ole r\u00e9nov\u00e9e. Au fin fond de ce village, on \u00e9tait inquiet quant \u00e0 la restauration possible. L&rsquo;h\u00f4tel poss\u00e8de un restaurant dans lequel nous ne serons pas en reste. Entr\u00e9e, plat dessert pour 16 euros, carte originale avec plusieurs vari\u00e9t\u00e9s de caris, achards, chouchou &#8230; bref super sympa avec des gens tr\u00e8s accueillants. <\/span><\/span><\/p>\n<p><strong><span style=\"font-family: Calibri;\">La plaine des palmistes<\/span><\/strong><\/p>\n<p><span style=\"color: #000000; font-family: Calibri;\"><a href=\"http:\/\/mapatao.fr\/voyages\/wp-content\/uploads\/2015\/08\/IMG_1547.jpg\"><img loading=\"lazy\" decoding=\"async\" class=\"size-medium wp-image-3069 alignleft\" src=\"http:\/\/mapatao.fr\/voyages\/wp-content\/uploads\/2015\/08\/IMG_1547-300x200.jpg\" alt=\"IMG_1547\" width=\"300\" height=\"200\" srcset=\"https:\/\/mapatao.fr\/voyages\/wp-content\/uploads\/2015\/08\/IMG_1547-300x200.jpg 300w, https:\/\/mapatao.fr\/voyages\/wp-content\/uploads\/2015\/08\/IMG_1547-1024x683.jpg 1024w\" sizes=\"auto, (max-width: 300px) 100vw, 300px\" \/><\/a>Route vers Grand Ilet avec arr\u00eat au belv\u00e9d\u00e8re de Mare \u00e0 vieille place (vue sur la rivi\u00e8re fleurs jeunes). Ballade sur le site de Mare \u00e0 poule d&rsquo;eau. Randonn\u00e9e dans la for\u00eat de Belou-B\u00e9louve (for\u00eat primaire de l&rsquo;\u00efle avec les tamarins des hauts)qui continue sur la cascade du trou de fer, passage \u00e0 la cascade du chien. <\/span><\/p>\n<p>&nbsp;<\/p>\n<p>&nbsp;<\/p>\n<p><span style=\"color: #000000; font-family: Calibri;\">En continuant notre route, un arr\u00eat s&rsquo;impose au bassin de la paix. Le sentier d\u00e9bute en traversant un pont, nous longeons une propri\u00e9t\u00e9 coloniale avant d&#8217;emprunter un escalier en m\u00e9tal qui nous invite \u00e0 descendre vers la cascade. 200 marches plus bas on arrive sur le site. Le bassin est entour\u00e9 d&rsquo;orgues basaltiques. Superbe ! La rivi\u00e8re compte une dizaine de bassins mais l&rsquo;eau y est bien fra\u00eeche, ce qui s&#8217;emp\u00eache pas Bruno de se baigner. Bassin de la mer, cascade arc-en-ciel etc. Le tout nous permet de nous introduire dans la vall\u00e9e et Takamala qui nous offre un spectacle grandiose avec des points de vues \u00e0 couper le souffle.<\/span><\/p>\n<p><span style=\"font-family: Calibri;\"><span style=\"color: #000000;\">Nous finirons notre route pour arriver sur le site de la plaine des palmistes, lieu o\u00f9 nous resterons 2 <\/span><span style=\"color: #000000;\">nuits.<\/span><\/span><\/p>\n<p>&nbsp;<\/p>\n<p><span style=\"font-family: Calibri;\"><strong>Le<\/strong><span style=\"color: #000000;\"> <strong>volcan et la plaine des cafres<\/strong><\/span><\/span><\/p>\n<p><span style=\"color: #000000; font-family: Calibri;\"><br \/>\n<a href=\"http:\/\/mapatao.fr\/voyages\/wp-content\/uploads\/2015\/08\/IMG_1714.jpg\"><img loading=\"lazy\" decoding=\"async\" class=\"size-medium wp-image-3080 alignleft\" src=\"http:\/\/mapatao.fr\/voyages\/wp-content\/uploads\/2015\/08\/IMG_1714-300x200.jpg\" alt=\"IMG_1714\" width=\"300\" height=\"200\" srcset=\"https:\/\/mapatao.fr\/voyages\/wp-content\/uploads\/2015\/08\/IMG_1714-300x200.jpg 300w, https:\/\/mapatao.fr\/voyages\/wp-content\/uploads\/2015\/08\/IMG_1714-1024x683.jpg 1024w\" sizes=\"auto, (max-width: 300px) 100vw, 300px\" \/><\/a>D\u00e9part matinal pour aller \u00e0 la d\u00e9couverte du volcan, en empruntant \u00e0 partir de Bourg Murat, la route foresti\u00e8re qui s&rsquo;\u00e9l\u00e8ve rapidement au milieu des p\u00e2turages en d\u00e9couvrant le panorama grandiose des principaux sommets r\u00e9unionnais : le Piton des neiges, le Grand B\u00e9nare mais aussi la Roche Ecrite, le Cimendef. En route, on s&rsquo;arr\u00eate au Nez de B\u0153uf (2136m) pour le point de vue \u00e9poustouflant sur le canyon de la rivi\u00e8re des remparts et le village de Roche Plate en contre bas. Peu \u00e0 peu les vertes prairies laissent place \u00e0 un paysage lunaire comme la saisissante Plaine des Sables, ancienne caldeira du volcan. La piste file telle une ligne droite \u00e0 travers le d\u00e9sert. Notre petite clio nous secoue un peu, mais le spectacle procure une sensation de solitude grandiose. <\/span><\/p>\n<p><span style=\"color: #000000; font-family: Calibri;\"><img loading=\"lazy\" decoding=\"async\" class=\"size-medium wp-image-3083 alignleft\" src=\"http:\/\/mapatao.fr\/voyages\/wp-content\/uploads\/2015\/08\/IMG_1727-300x225.jpg\" alt=\"IMG_1727\" width=\"300\" height=\"225\" srcset=\"https:\/\/mapatao.fr\/voyages\/wp-content\/uploads\/2015\/08\/IMG_1727-300x225.jpg 300w, https:\/\/mapatao.fr\/voyages\/wp-content\/uploads\/2015\/08\/IMG_1727-1024x768.jpg 1024w, https:\/\/mapatao.fr\/voyages\/wp-content\/uploads\/2015\/08\/IMG_1727.jpg 2016w\" sizes=\"auto, (max-width: 300px) 100vw, 300px\" \/>On poursuite un peu plus loin en arrivant sur le crat\u00e8re de Commerson. Se pencher au dessus de son impressionnant pic de 160m depuis le belv\u00e9d\u00e8re donne le vertige. Quelques reliefs encore avant d&rsquo;atteindre le parking de Bellecombe. Du haut de la barri\u00e8re le choc : le Piton de la Fournaise, la caldeira principale du volcan. La beaut\u00e9 du lieu laisse sans voix. La lave refroidie recouvre le sol et son noir se m\u00eale au couleurs ocres, orang\u00e9es, fleuretant avec les nuages qui commencent \u00e0 monter doucement. Sensation bizarre de savoir que l&rsquo;on marche sur des roches veilles de 500 000 ans comme sur des roches de quelques mois. La route des crat\u00e8res est maintenant interdite aux randonneurs (trop dangeureuse). Une chose est s\u00fbre, on ne s&rsquo;est pas encore lev\u00e9 assez t\u00f4t, les nuages nous ont d\u00e9j\u00e0 rejoint. Pour profiter du spectacle et de la fraicheur, il aurait fallu descendre aux lueurs de l&rsquo;aube dans l&rsquo;enclos et avant 10h.<\/span><\/p>\n<div><strong><span style=\"font-family: Calibri;\">\u00a0<\/span><\/strong><\/div>\n<p><strong><span style=\"font-family: Calibri;\">Le bassin bleu et l&rsquo;anse aux cascades<\/span><\/strong><\/p>\n<div><span style=\"font-family: Calibri;\"><span style=\"color: #000000;\">Nous reprenons notre tour de l&rsquo;\u00eele par le sud. Pour la ville de Saint Beno\u00eet pas grand \u00e0 dire si ce n&rsquo;est les nombreuses cascades et bassin de la r\u00e9gion. Toutefois malgr\u00e9 le calme apparent de cette petite ville, une altercation \u00e0 la boulangerie met de l&rsquo;ambiance dans la rue (s&rsquo;il l&rsquo;on peut dire). Un femme disjoncte compl\u00e8tement sous nos yeux et ruine en quelques minutes les \u00e9talages <\/span><span style=\"color: #000000;\">qu&rsquo;elle fait voler en \u00e9clat. G\u00e2teau, glace, vitrine, elle explose tout sur son passage. Les gens s&rsquo;amassent dans la rue, assistent au spectacle, mais personne.\u00a0<span style=\"font-family: Calibri;\"><span style=\"color: #000000;\">Nous finirons notre route pour arriver sur le site de la plaine des palmistes, lieu o\u00f9 nous resterons 2 <\/span><span style=\"color: #000000;\">nuits.<\/span><\/span><\/span><\/span><span style=\"color: #000000; font-family: Calibri;\">On a pr\u00e9vu de s&rsquo;arr\u00eater \u00e0 la distillerie de la Rivi\u00e8re du Mat, mais \u00e0 partir du 20 d\u00e9cembre (f\u00eate de l&rsquo;abolition de l&rsquo;esclavage), la campagne du rhum est termin\u00e9e et donc plus de visite, tout est ferm\u00e9. <\/span><span style=\"color: #000000; font-family: Calibri;\">On se r\u00e9conforte en faisant trempette dans le \u00ab\u00a0bassin bleu\u00a0\u00bb. L&rsquo;eau y est cristalline et bien fra\u00eeche, mais ca fait un bien fou sous les 35 d\u00e9gr\u00e9s.<\/span><\/div>\n<div><span style=\"color: #000000; font-family: Calibri;\">\u00a0<\/span><\/div>\n<div><span style=\"color: #000000; font-family: Calibri;\">\u00a0<\/span><\/div>\n<p><span style=\"color: #000000; font-family: Calibri;\"><img loading=\"lazy\" decoding=\"async\" class=\"size-medium wp-image-3100 alignleft\" src=\"http:\/\/mapatao.fr\/voyages\/wp-content\/uploads\/2015\/08\/IMG_2005-300x200.jpg\" alt=\"IMG_2005\" width=\"300\" height=\"200\" srcset=\"https:\/\/mapatao.fr\/voyages\/wp-content\/uploads\/2015\/08\/IMG_2005-300x200.jpg 300w, https:\/\/mapatao.fr\/voyages\/wp-content\/uploads\/2015\/08\/IMG_2005-1024x683.jpg 1024w\" sizes=\"auto, (max-width: 300px) 100vw, 300px\" \/>Nous poursuivons notre descente pour arriver sur l&rsquo;anse aux cascades. Ce site enchanteur au milieu des foug\u00e8res nous ravi. <\/span><\/p>\n<p><span style=\"color: #000000; font-family: Calibri;\">En repartant, plusieurs haltes nous permettent de d\u00e9couvrir la lave \u00e0 la rencontre de l&rsquo;oc\u00e9an : souffleur d&rsquo;Arbonne, puits des Anglais, puits des Fran\u00e7ais etc. On arrive \u00e0 Saint Pierre o\u00f9 nous resterons plusieurs jours pour sillonner les environs.<\/span><\/p>\n<div><\/div>\n<div><strong><span style=\"font-family: Calibri;\">Saint Pierre et les environs<\/span><\/strong><\/div>\n<p><span style=\"color: #000000; font-family: Calibri;\"><a href=\"http:\/\/mapatao.fr\/voyages\/wp-content\/uploads\/2015\/08\/IMG_1871.jpg\"><img loading=\"lazy\" decoding=\"async\" class=\"size-medium wp-image-3094 alignleft\" src=\"http:\/\/mapatao.fr\/voyages\/wp-content\/uploads\/2015\/08\/IMG_1871-300x200.jpg\" alt=\"IMG_1871\" width=\"300\" height=\"200\" srcset=\"https:\/\/mapatao.fr\/voyages\/wp-content\/uploads\/2015\/08\/IMG_1871-300x200.jpg 300w, https:\/\/mapatao.fr\/voyages\/wp-content\/uploads\/2015\/08\/IMG_1871-1024x683.jpg 1024w\" sizes=\"auto, (max-width: 300px) 100vw, 300px\" \/><\/a>Voil\u00e0 une ville fort agr\u00e9able avec de nombreuses terrasses et la mer et son lagon de corail en plein centre ville. Le soir bon nombre de restaurants s&rsquo;offrent \u00e0 nous. Notre choix s&rsquo;oriente vers le DCP et croyez-moi nous ne sommes pas d\u00e9\u00e7us. Ce restaurant est \u00e0 conseiller particuli\u00e8rement. Accueil super sympa avec un cuisine uniquement avec les poissons p\u00each\u00e9s la veille. Difficile de trouver plus frais ! Thon banane (et non ce n&rsquo;est pas avec des bananes, amis un type de thon extr\u00eamement fin), espadon, carpaccio au citron vert etc. le tout accompagn\u00e9 de salade ou de pomme de terre. Quant aux rillettes servies \u00e0 l&rsquo;ap\u00e9ro, c&rsquo;est tout simplement exquis. La d\u00e9co avec toutes les bouteilles et bocaux de rhum arrang\u00e9 donne le style et l&rsquo;ambiance. C&rsquo;est notre resto chouchou, \u00e0 faire et \u00e0 refaire, d&rsquo;ailleurs on ne s&rsquo;en privera pas.<\/span><\/p>\n<p><span style=\"color: #000000; font-family: Calibri;\"><a href=\"http:\/\/mapatao.fr\/voyages\/wp-content\/uploads\/2015\/08\/IMG_1897.jpg\"><img loading=\"lazy\" decoding=\"async\" class=\"size-medium wp-image-3095 alignleft\" src=\"http:\/\/mapatao.fr\/voyages\/wp-content\/uploads\/2015\/08\/IMG_1897-300x200.jpg\" alt=\"IMG_1897\" width=\"300\" height=\"200\" srcset=\"https:\/\/mapatao.fr\/voyages\/wp-content\/uploads\/2015\/08\/IMG_1897-300x200.jpg 300w, https:\/\/mapatao.fr\/voyages\/wp-content\/uploads\/2015\/08\/IMG_1897-1024x683.jpg 1024w\" sizes=\"auto, (max-width: 300px) 100vw, 300px\" \/><\/a>Le lendemain matin, on ne rate pas le c\u00e9l\u00e8bre march\u00e9 forain, qui s&rsquo;\u00e9tire sur tout le front de mer, haut en couleurs, en senteurs et en saveurs. Les gens y sont super agr\u00e9ables, d\u00e9contract\u00e9s, on y resterait des heures.<\/span><\/p>\n<p><span style=\"color: #000000; font-family: Calibri;\">\u00a0<\/span><\/p>\n<p>&nbsp;<\/p>\n<p>&nbsp;<\/p>\n<p><span style=\"color: #000000; font-family: Calibri;\"><a href=\"http:\/\/mapatao.fr\/voyages\/wp-content\/uploads\/2015\/08\/SANY1066.jpg\"><img loading=\"lazy\" decoding=\"async\" class=\"size-medium wp-image-3123 alignleft\" src=\"http:\/\/mapatao.fr\/voyages\/wp-content\/uploads\/2015\/08\/SANY1066-300x169.jpg\" alt=\" \" width=\"300\" height=\"169\" srcset=\"https:\/\/mapatao.fr\/voyages\/wp-content\/uploads\/2015\/08\/SANY1066-300x169.jpg 300w, https:\/\/mapatao.fr\/voyages\/wp-content\/uploads\/2015\/08\/SANY1066-1024x577.jpg 1024w\" sizes=\"auto, (max-width: 300px) 100vw, 300px\" \/><\/a>Trop de choses \u00e0 voir dans le coin. On notera le mus\u00e9e \u00ab\u00a0la Saga du Rhum\u00a0\u00bb, le parc Exotica (pas terrible du tout), les ravines avec de magnifiques coins pour se baigner. <\/span><\/p>\n<p>&nbsp;<\/p>\n<p>&nbsp;<\/p>\n<p><span style=\"color: #000000; font-family: Calibri;\"><br \/>\nLe coin de la rivi\u00e8re <img loading=\"lazy\" decoding=\"async\" class=\"size-medium wp-image-3101 alignleft\" src=\"http:\/\/mapatao.fr\/voyages\/wp-content\/uploads\/2015\/08\/IMG_2027-300x200.jpg\" alt=\"IMG_2027\" width=\"300\" height=\"200\" srcset=\"https:\/\/mapatao.fr\/voyages\/wp-content\/uploads\/2015\/08\/IMG_2027-300x200.jpg 300w, https:\/\/mapatao.fr\/voyages\/wp-content\/uploads\/2015\/08\/IMG_2027-1024x683.jpg 1024w\" sizes=\"auto, (max-width: 300px) 100vw, 300px\" \/>Langevin nous attire particuli\u00e8rement avec le bassin des hirondelles, la cascades du trou noir et la cascade grand galet. Grandiose et baignade sous les cascades assur\u00e9e si on arrive \u00e0 rentrer dans l&rsquo;eau !<\/span><\/p>\n<p>&nbsp;<\/p>\n<p>&nbsp;<\/p>\n<p>&nbsp;<\/p>\n<p><span style=\"color: #000000; font-family: Calibri;\"><a href=\"http:\/\/mapatao.fr\/voyages\/wp-content\/uploads\/2015\/08\/IMG_1952.jpg\"><img loading=\"lazy\" decoding=\"async\" class=\"size-medium wp-image-3097 alignleft\" src=\"http:\/\/mapatao.fr\/voyages\/wp-content\/uploads\/2015\/08\/IMG_1952-300x225.jpg\" alt=\"IMG_1952\" width=\"300\" height=\"225\" srcset=\"https:\/\/mapatao.fr\/voyages\/wp-content\/uploads\/2015\/08\/IMG_1952-300x225.jpg 300w, https:\/\/mapatao.fr\/voyages\/wp-content\/uploads\/2015\/08\/IMG_1952.jpg 1024w\" sizes=\"auto, (max-width: 300px) 100vw, 300px\" \/><\/a>Nous sommes au 31 d\u00e9cembre. R\u00e9veillon autour d&rsquo;une langouste (c&rsquo;est vrai on a d\u00e9j\u00e0 d\u00e9velopp\u00e9 une certaine addiction \u00e0 ce met d\u00e9licieux quelque soit la fa\u00e7on dont il est cuisin\u00e9). Mais nous ne pouvons pas passer \u00e0 c\u00f4t\u00e9 de l&rsquo;ambiance tr\u00e8s particuli\u00e8re d&rsquo;un r\u00e9veillon \u00e0 la R\u00e9unionnaise sur la plage avec 30\u00b0 et les pieds dans l&rsquo;eau . C&rsquo;est une tradition \u00e0 La R\u00e9union. Des milliers de personnes se r\u00e9unissent au bord du lagon pour f\u00eater le Nouvel An. Pique-nique, grillade, mais aussi danses et feux d&rsquo;artifice&#8230; A vivre au moins une fois !<\/span><\/p>\n<p>&nbsp;<\/p>\n<p><strong><span style=\"font-family: Calibri;\">Le cirque de Cilaos<\/span><\/strong><\/p>\n<p><span style=\"color: #000000; font-family: Calibri;\"><a href=\"http:\/\/mapatao.fr\/voyages\/wp-content\/uploads\/2015\/08\/IMG_1969bis.jpg\"><img loading=\"lazy\" decoding=\"async\" class=\"size-medium wp-image-3098 alignleft\" src=\"http:\/\/mapatao.fr\/voyages\/wp-content\/uploads\/2015\/08\/IMG_1969bis-300x111.jpg\" alt=\"IMG_1969bis\" width=\"300\" height=\"111\" srcset=\"https:\/\/mapatao.fr\/voyages\/wp-content\/uploads\/2015\/08\/IMG_1969bis-300x111.jpg 300w, https:\/\/mapatao.fr\/voyages\/wp-content\/uploads\/2015\/08\/IMG_1969bis-1024x380.jpg 1024w\" sizes=\"auto, (max-width: 300px) 100vw, 300px\" \/><\/a>Matin du 1er janvier 2012, c&rsquo;est tr\u00e8s calme. On en profite pour d\u00e9couvrir le cirque de Cilaos, le plus encaiss\u00e9. Route impressionnante avec ses 400 virages, surplombant des \u00e0-pics profonds. Les lentilles de Cilaos comme les broderies sont r\u00e9put\u00e9es, malheureusement la visite de la maison de la broderie est ferm\u00e9e (normal un 1er janvier). Quant au vin, on passera le sujet. Ballade, d\u00e9couverte, journ\u00e9e dans les hauteurs. Le retour est un peu flippant. La pluie provoque de nombreux \u00e9boulis, on zigzaguent entre les pierres, en esp\u00e9rant ne pas en recevoir sur la voiture. D&rsquo;ailleurs on lit dans le guide que cette route est souvent coup\u00e9e \u00e0 la suite d&rsquo;\u00e9boulis. On corise m\u00eame les engins qui vont d\u00e9blayer la route. Ouf on est pass\u00e9 !<\/span><\/p>\n<div><strong><span style=\"font-family: Calibri;\">Saint Leu, Saint Gilles<\/span><\/strong><\/div>\n<p><span style=\"color: #000000; font-family: Calibri;\"><a href=\"http:\/\/mapatao.fr\/voyages\/wp-content\/uploads\/2015\/08\/IMG_2086.jpg\"><img loading=\"lazy\" decoding=\"async\" class=\"size-medium wp-image-3106 alignleft\" src=\"http:\/\/mapatao.fr\/voyages\/wp-content\/uploads\/2015\/08\/IMG_2086-300x200.jpg\" alt=\"IMG_2086\" width=\"300\" height=\"200\" srcset=\"https:\/\/mapatao.fr\/voyages\/wp-content\/uploads\/2015\/08\/IMG_2086-300x200.jpg 300w, https:\/\/mapatao.fr\/voyages\/wp-content\/uploads\/2015\/08\/IMG_2086-1024x683.jpg 1024w\" sizes=\"auto, (max-width: 300px) 100vw, 300px\" \/><\/a>On continue notre tour de l&rsquo;\u00eele. On remonte par l&rsquo;ouest. Direction Saint leu avec un passage \u00e0 Saint Louis, mais comme les distilleries, la sucrerie est ferm\u00e9e. Passage sur le gouffre et le souffleur impressionnant. Arriv\u00e9e \u00e0 Saint Leu, avant de trouver notre h\u00e9bergement, on s&rsquo;arr\u00eate \u00e0 K\u00e9lonia, observatoire des tortues marines.<\/span><\/p>\n<p><span style=\"color: #000000; font-family: Calibri;\">On a choisi Saint Leu pour ne pas \u00eatre dans l&rsquo;effervescence de Saint Gilles, mais c&rsquo;est peut-\u00eatre une erreur car il y a beaucoup de choses \u00e0 faire en partant de St Gilles. <\/span><\/p>\n<p><span style=\"color: #000000; font-family: Calibri;\"><span style=\"color: #000000; font-family: Calibri;\"><a href=\"http:\/\/mapatao.fr\/voyages\/wp-content\/uploads\/2015\/08\/IMG_2130.jpg\"><img loading=\"lazy\" decoding=\"async\" class=\"size-medium wp-image-3110 alignleft\" src=\"http:\/\/mapatao.fr\/voyages\/wp-content\/uploads\/2015\/08\/IMG_2130-300x200.jpg\" alt=\"IMG_2130\" width=\"300\" height=\"200\" srcset=\"https:\/\/mapatao.fr\/voyages\/wp-content\/uploads\/2015\/08\/IMG_2130-300x200.jpg 300w, https:\/\/mapatao.fr\/voyages\/wp-content\/uploads\/2015\/08\/IMG_2130-1024x683.jpg 1024w\" sizes=\"auto, (max-width: 300px) 100vw, 300px\" \/><\/a><\/span>Bruno a le plaisir de voir tortue, dauphins et poissons en plong\u00e9e. Moi, je les appr\u00e9cie avec masque et tuba dans le lagon. Une foule multicolore de poissons tropicaux dansent sur le corail. Dur dur pour les coups de soleil dans le dos, car muni de mon appareil photo \u00e9tanche, je ne me lasse pas de les photographier. <\/span><\/p>\n<p><span style=\"color: #000000; font-family: Calibri;\">\u00a0<\/span><\/p>\n<p>&nbsp;<\/p>\n<p><span style=\"color: #000000; font-family: Calibri;\">Saint Leu est le site du parapente (vol au dessus de la barri\u00e8re de corail) et Saint Gilles, le d\u00e9part de plusieurs navigations dont celle avec les dauphins. L\u00e0 on se r\u00e9gale, c&rsquo;est magique, grandiose, on ne se lasse pas du spectacle.<\/span><\/p>\n<p><span style=\"color: #000000; font-family: Calibri;\">\u00a0<a href=\"http:\/\/mapatao.fr\/voyages\/wp-content\/uploads\/2015\/08\/IMG_2214.jpg\"><img loading=\"lazy\" decoding=\"async\" class=\"size-medium wp-image-3112 alignleft\" src=\"http:\/\/mapatao.fr\/voyages\/wp-content\/uploads\/2015\/08\/IMG_2214-300x200.jpg\" alt=\"IMG_2214\" width=\"300\" height=\"200\" srcset=\"https:\/\/mapatao.fr\/voyages\/wp-content\/uploads\/2015\/08\/IMG_2214-300x200.jpg 300w, https:\/\/mapatao.fr\/voyages\/wp-content\/uploads\/2015\/08\/IMG_2214-1024x683.jpg 1024w\" sizes=\"auto, (max-width: 300px) 100vw, 300px\" \/><\/a><\/span><span style=\"color: #000000; font-family: Calibri;\">Autre spectacle que l&rsquo;on s&rsquo;est offert pour notre Noel, c&rsquo;est le tour de l&rsquo;\u00eele en h\u00e9licopt\u00e8re. C&rsquo;est au petit matin que nous d\u00e9collons, avant que le coton des nuages ne se masse autour de sommets. En moins d&rsquo;une minute, la mer, la ville et les hommes ont disparu. Pass\u00e9s les derniers champs de cannes \u00e0 sucre, la R\u00e9union sauvage d\u00e9file. La lumi\u00e8re pure du matin joue avec les hautes branches des tamarins, s&rsquo;insinue dans la touffeur de la for\u00eat. On survole cirques et cascades, crat\u00e8res, les nombreux lieux accessibles uniquement apr\u00e8s de tr\u00e8s longues heures de marches. On ouvre le chapitre des \u00e9motions pures&#8230;<\/span><\/p>\n<p><span style=\"color: #000000; font-family: Calibri;\"><a href=\"http:\/\/mapatao.fr\/voyages\/wp-content\/uploads\/2015\/08\/IMG_2452.jpg\"><img loading=\"lazy\" decoding=\"async\" class=\"size-medium wp-image-3119 alignleft\" src=\"http:\/\/mapatao.fr\/voyages\/wp-content\/uploads\/2015\/08\/IMG_2452-300x200.jpg\" alt=\"IMG_2452\" width=\"300\" height=\"200\" srcset=\"https:\/\/mapatao.fr\/voyages\/wp-content\/uploads\/2015\/08\/IMG_2452-300x200.jpg 300w, https:\/\/mapatao.fr\/voyages\/wp-content\/uploads\/2015\/08\/IMG_2452-1024x683.jpg 1024w\" sizes=\"auto, (max-width: 300px) 100vw, 300px\" \/><\/a>Voil\u00e0, on oublie surement plein de choses car y&rsquo;en a tellement \u00e0 voir. Les cascades toutes plus belles les unes que les autres, la nature etc. bref encore un voyage superbe. Sans oubliez ce dernier jour sans baignade pour cause de requins. C&rsquo;\u00e9tait la premi\u00e8re fois que l&rsquo;on voyait le drapeau \u00ab\u00a0attention requin\u00a0\u00bb pourtant, qu&rsquo;elle plage sublime !<\/span><\/p>\n<p><span style=\"color: #000000; font-family: Calibri;\">N&rsquo;h\u00e9sitez pas \u00e0\u00a0visionner le montage r\u00e9alis\u00e9 <strong>\u00ab\u00a0Metiss Bourbon<\/strong>\u00ab\u00a0, les photos parleront d&rsquo;elles-m\u00eames.<\/span><\/p>\n<div><\/div>\n<div><span style=\"font-family: Calibri;\"><strong>\u00a0<\/strong><\/span><\/div>\n<div><span style=\"font-family: Calibri;\"><strong>\u00a0<\/strong><\/span><\/div>\n<div><\/div>\n","protected":false},"excerpt":{"rendered":"<p>Carnet de Route &#8211; Voyage du 25 d\u00e9cembre 2011 au 9 janvier 2012 \u00a0Saint Denis de la R\u00e9union Arriv\u00e9e \u00e0 Saint Denis de la R\u00e9union. Prise ne main de notre v\u00e9hicule et installation \u00e0 l&rsquo;h\u00f4tel. Celui-ci tr\u00e8s bruyant n&rsquo;a rien \u00e0 envier. Heureusement c&rsquo;est juste une nuit. Ballade dans la ville (rue pi\u00e9tonne, jardin de<\/p>\n","protected":false},"author":1,"featured_media":0,"parent":664,"menu_order":0,"comment_status":"open","ping_status":"closed","template":"","meta":{"jetpack_post_was_ever_published":false,"footnotes":""},"class_list":["post-15","page","type-page","status-publish","hentry"],"jetpack_sharing_enabled":true,"jetpack_shortlink":"https:\/\/wp.me\/P6Bpot-f","jetpack_likes_enabled":true,"_links":{"self":[{"href":"https:\/\/mapatao.fr\/voyages\/index.php?rest_route=\/wp\/v2\/pages\/15","targetHints":{"allow":["GET"]}}],"collection":[{"href":"https:\/\/mapatao.fr\/voyages\/index.php?rest_route=\/wp\/v2\/pages"}],"about":[{"href":"https:\/\/mapatao.fr\/voyages\/index.php?rest_route=\/wp\/v2\/types\/page"}],"author":[{"embeddable":true,"href":"https:\/\/mapatao.fr\/voyages\/index.php?rest_route=\/wp\/v2\/users\/1"}],"replies":[{"embeddable":true,"href":"https:\/\/mapatao.fr\/voyages\/index.php?rest_route=%2Fwp%2Fv2%2Fcomments&post=15"}],"version-history":[{"count":3,"href":"https:\/\/mapatao.fr\/voyages\/index.php?rest_route=\/wp\/v2\/pages\/15\/revisions"}],"predecessor-version":[{"id":4144,"href":"https:\/\/mapatao.fr\/voyages\/index.php?rest_route=\/wp\/v2\/pages\/15\/revisions\/4144"}],"up":[{"embeddable":true,"href":"https:\/\/mapatao.fr\/voyages\/index.php?rest_route=\/wp\/v2\/pages\/664"}],"wp:attachment":[{"href":"https:\/\/mapatao.fr\/voyages\/index.php?rest_route=%2Fwp%2Fv2%2Fmedia&parent=15"}],"curies":[{"name":"wp","href":"https:\/\/api.w.org\/{rel}","templated":true}]}}