{"id":1872,"date":"2013-07-01T15:50:38","date_gmt":"2013-07-01T15:50:38","guid":{"rendered":"http:\/\/mapatao.free.fr\/?page_id=1872"},"modified":"2015-08-17T07:25:07","modified_gmt":"2015-08-17T07:25:07","slug":"australie","status":"publish","type":"page","link":"https:\/\/mapatao.fr\/voyages\/?page_id=1872","title":{"rendered":"Australie (2013)"},"content":{"rendered":"<p><a href=\"http:\/\/mapatao.fr\/voyages\/wp-content\/uploads\/2013\/08\/carte-ittin\u00e9raire.jpg\"><img loading=\"lazy\" decoding=\"async\" class=\" size-medium wp-image-2061 alignleft\" src=\"http:\/\/mapatao.fr\/voyages\/wp-content\/uploads\/2013\/08\/carte-ittin\u00e9raire-300x246.jpg\" alt=\"carte ittin\u00e9raire\" width=\"300\" height=\"246\" srcset=\"https:\/\/mapatao.fr\/voyages\/wp-content\/uploads\/2013\/08\/carte-ittin\u00e9raire-300x246.jpg 300w, https:\/\/mapatao.fr\/voyages\/wp-content\/uploads\/2013\/08\/carte-ittin\u00e9raire-1024x840.jpg 1024w, https:\/\/mapatao.fr\/voyages\/wp-content\/uploads\/2013\/08\/carte-ittin\u00e9raire.jpg 1499w\" sizes=\"auto, (max-width: 300px) 100vw, 300px\" \/><\/a><strong>Du 8 au 28 juillet 2013<\/strong><\/p>\n<p>Une terre de l\u00e9gendes \u00e0 l&rsquo;autre bout du monde,\u00a0avec des\u00a0paysages tant\u00f4t envo\u00fbtants tant\u00f4t idylliques, une \u00eele-continent qui arbore une culture singuli\u00e8re. 25h de voyage pour atteindre la terre promise.<\/p>\n<p>&nbsp;<\/p>\n<p>&nbsp;<\/p>\n<p>&nbsp;<\/p>\n<p>&nbsp;<\/p>\n<ul>\n<li>Sydney et les blues Mountains<\/li>\n<li>L&rsquo;outback, le centre rouge<\/li>\n<li>Le bush<\/li>\n<li>Kakadu national park<\/li>\n<li>Litchfield national park<\/li>\n<li>Nitmiluk national park<\/li>\n<li>Cairns<\/li>\n<li>Port Douglas<\/li>\n<li>Kuranda birdworld<\/li>\n<li>Etc.<\/li>\n<\/ul>\n","protected":false},"excerpt":{"rendered":"<p>Du 8 au 28 juillet 2013 Une terre de l\u00e9gendes \u00e0 l&rsquo;autre bout du monde,\u00a0avec des\u00a0paysages tant\u00f4t envo\u00fbtants tant\u00f4t idylliques, une \u00eele-continent qui arbore une culture singuli\u00e8re. 25h de voyage pour atteindre la terre promise. &nbsp; &nbsp; &nbsp; &nbsp; Sydney et les blues Mountains L&rsquo;outback, le centre rouge Le bush Kakadu national park Litchfield national<\/p>\n","protected":false},"author":1,"featured_media":0,"parent":2337,"menu_order":9,"comment_status":"open","ping_status":"closed","template":"","meta":{"jetpack_post_was_ever_published":false,"footnotes":""},"class_list":["post-1872","page","type-page","status-publish","hentry"],"jetpack_sharing_enabled":true,"jetpack_shortlink":"https:\/\/wp.me\/P6Bpot-uc","jetpack_likes_enabled":true,"_links":{"self":[{"href":"https:\/\/mapatao.fr\/voyages\/index.php?rest_route=\/wp\/v2\/pages\/1872","targetHints":{"allow":["GET"]}}],"collection":[{"href":"https:\/\/mapatao.fr\/voyages\/index.php?rest_route=\/wp\/v2\/pages"}],"about":[{"href":"https:\/\/mapatao.fr\/voyages\/index.php?rest_route=\/wp\/v2\/types\/page"}],"author":[{"embeddable":true,"href":"https:\/\/mapatao.fr\/voyages\/index.php?rest_route=\/wp\/v2\/users\/1"}],"replies":[{"embeddable":true,"href":"https:\/\/mapatao.fr\/voyages\/index.php?rest_route=%2Fwp%2Fv2%2Fcomments&post=1872"}],"version-history":[{"count":7,"href":"https:\/\/mapatao.fr\/voyages\/index.php?rest_route=\/wp\/v2\/pages\/1872\/revisions"}],"predecessor-version":[{"id":2582,"href":"https:\/\/mapatao.fr\/voyages\/index.php?rest_route=\/wp\/v2\/pages\/1872\/revisions\/2582"}],"up":[{"embeddable":true,"href":"https:\/\/mapatao.fr\/voyages\/index.php?rest_route=\/wp\/v2\/pages\/2337"}],"wp:attachment":[{"href":"https:\/\/mapatao.fr\/voyages\/index.php?rest_route=%2Fwp%2Fv2%2Fmedia&parent=1872"}],"curies":[{"name":"wp","href":"https:\/\/api.w.org\/{rel}","templated":true}]}}