{"id":2337,"date":"2012-06-28T14:50:38","date_gmt":"2012-06-28T14:50:38","guid":{"rendered":"http:\/\/mapatao.free.fr\/?page_id=7"},"modified":"2016-12-22T12:33:23","modified_gmt":"2016-12-22T12:33:23","slug":"carnet-de-route","status":"publish","type":"page","link":"https:\/\/mapatao.fr\/voyages\/?page_id=2337","title":{"rendered":"Carnet de voyage"},"content":{"rendered":"<p>Cette rubrique pr\u00e9sente nos voyages de plus d&rsquo;une semaine.<\/p>\n<p>Elle se d\u00e9compose sous plusieurs items par voyage :<\/p>\n<ul>\n<li>carnet de route avec le d\u00e9tail de notre ittin\u00e9raire<\/li>\n<li>montage\u00a0vid\u00e9o qui n&rsquo;exc\u00e8de pas 35mn<\/li>\n<li>albums\u00a0photos avec un choix parmi nos plus beaux clich\u00e9s<\/li>\n<\/ul>\n","protected":false},"excerpt":{"rendered":"<p>Cette rubrique pr\u00e9sente nos voyages de plus d&rsquo;une semaine. Elle se d\u00e9compose sous plusieurs items par voyage : carnet de route avec le d\u00e9tail de notre ittin\u00e9raire montage\u00a0vid\u00e9o qui n&rsquo;exc\u00e8de pas 35mn albums\u00a0photos avec un choix parmi nos plus beaux clich\u00e9s<\/p>\n","protected":false},"author":1,"featured_media":0,"parent":0,"menu_order":0,"comment_status":"open","ping_status":"closed","template":"","meta":{"jetpack_post_was_ever_published":false,"footnotes":""},"class_list":["post-2337","page","type-page","status-publish","hentry"],"jetpack_sharing_enabled":true,"jetpack_shortlink":"https:\/\/wp.me\/P6Bpot-BH","jetpack_likes_enabled":true,"_links":{"self":[{"href":"https:\/\/mapatao.fr\/voyages\/index.php?rest_route=\/wp\/v2\/pages\/2337","targetHints":{"allow":["GET"]}}],"collection":[{"href":"https:\/\/mapatao.fr\/voyages\/index.php?rest_route=\/wp\/v2\/pages"}],"about":[{"href":"https:\/\/mapatao.fr\/voyages\/index.php?rest_route=\/wp\/v2\/types\/page"}],"author":[{"embeddable":true,"href":"https:\/\/mapatao.fr\/voyages\/index.php?rest_route=\/wp\/v2\/users\/1"}],"replies":[{"embeddable":true,"href":"https:\/\/mapatao.fr\/voyages\/index.php?rest_route=%2Fwp%2Fv2%2Fcomments&post=2337"}],"version-history":[{"count":1,"href":"https:\/\/mapatao.fr\/voyages\/index.php?rest_route=\/wp\/v2\/pages\/2337\/revisions"}],"predecessor-version":[{"id":4170,"href":"https:\/\/mapatao.fr\/voyages\/index.php?rest_route=\/wp\/v2\/pages\/2337\/revisions\/4170"}],"wp:attachment":[{"href":"https:\/\/mapatao.fr\/voyages\/index.php?rest_route=%2Fwp%2Fv2%2Fmedia&parent=2337"}],"curies":[{"name":"wp","href":"https:\/\/api.w.org\/{rel}","templated":true}]}}