{"id":2357,"date":"2014-06-14T08:42:20","date_gmt":"2014-06-14T08:42:20","guid":{"rendered":"http:\/\/mapatao.free.fr\/?page_id=2357"},"modified":"2014-06-14T08:42:20","modified_gmt":"2014-06-14T08:42:20","slug":"montage-video-australie","status":"publish","type":"page","link":"https:\/\/mapatao.fr\/voyages\/?page_id=2357","title":{"rendered":"Montage vid\u00e9o Australie"},"content":{"rendered":"<p>Vous pouvez avoir acc\u00e8s au montage vid\u00e9o de notre\u00a0voyage en Australie cliquer sur ce lien via Vim\u00e9o<\/p>\n<p>Pour le\u00a0montage, des heures de boulot et surtout le choix est toujours cruel car en g\u00e9n\u00e9ral on revient avec 4h de film et 1000 photos. Une r\u00e8gle d\u2019or pour nous, pas plus de 30mn environ. Le montage rassemble vid\u00e9os et photos, le tout sur fond musical.<\/p>\n<p>Un beau souvenir, m\u00eame si le plus beau reste dans la t\u00eate par le prisme de nos yeux.<\/p>\n<p><a title=\"Australie Ete 2013\" href=\"https:\/\/vimeo.com\/95508640?utm_source=email&amp;utm_medium=clip-transcode_complete-finished-20120100&amp;utm_campaign=7701&amp;email_id=Y2xpcF90cmFuc2NvZGVkfDhkODQzOTY5NDlhZmM2NTZlOWIyYjRhMTE4NzYyMDBmODU2fDEyODUxNTIzfDE0MDAyNDg1MzZ8NzcwMQ%3D%3D\">https:\/\/vimeo.com\/95508640<\/a><\/p>\n","protected":false},"excerpt":{"rendered":"<p>Vous pouvez avoir acc\u00e8s au montage vid\u00e9o de notre\u00a0voyage en Australie cliquer sur ce lien via Vim\u00e9o Pour le\u00a0montage, des heures de boulot et surtout le choix est toujours cruel car en g\u00e9n\u00e9ral on revient avec 4h de film et 1000 photos. Une r\u00e8gle d\u2019or pour nous, pas plus de 30mn environ. Le montage rassemble<\/p>\n","protected":false},"author":1,"featured_media":0,"parent":1872,"menu_order":0,"comment_status":"open","ping_status":"closed","template":"","meta":{"jetpack_post_was_ever_published":false,"footnotes":""},"class_list":["post-2357","page","type-page","status-publish","hentry"],"jetpack_sharing_enabled":true,"jetpack_shortlink":"https:\/\/wp.me\/P6Bpot-C1","jetpack_likes_enabled":true,"_links":{"self":[{"href":"https:\/\/mapatao.fr\/voyages\/index.php?rest_route=\/wp\/v2\/pages\/2357","targetHints":{"allow":["GET"]}}],"collection":[{"href":"https:\/\/mapatao.fr\/voyages\/index.php?rest_route=\/wp\/v2\/pages"}],"about":[{"href":"https:\/\/mapatao.fr\/voyages\/index.php?rest_route=\/wp\/v2\/types\/page"}],"author":[{"embeddable":true,"href":"https:\/\/mapatao.fr\/voyages\/index.php?rest_route=\/wp\/v2\/users\/1"}],"replies":[{"embeddable":true,"href":"https:\/\/mapatao.fr\/voyages\/index.php?rest_route=%2Fwp%2Fv2%2Fcomments&post=2357"}],"version-history":[{"count":0,"href":"https:\/\/mapatao.fr\/voyages\/index.php?rest_route=\/wp\/v2\/pages\/2357\/revisions"}],"up":[{"embeddable":true,"href":"https:\/\/mapatao.fr\/voyages\/index.php?rest_route=\/wp\/v2\/pages\/1872"}],"wp:attachment":[{"href":"https:\/\/mapatao.fr\/voyages\/index.php?rest_route=%2Fwp%2Fv2%2Fmedia&parent=2357"}],"curies":[{"name":"wp","href":"https:\/\/api.w.org\/{rel}","templated":true}]}}