{"id":36,"date":"2012-06-28T14:56:33","date_gmt":"2012-06-28T14:56:33","guid":{"rendered":"http:\/\/mapatao.free.fr\/?page_id=36"},"modified":"2016-12-02T15:10:37","modified_gmt":"2016-12-02T15:10:37","slug":"andalousie","status":"publish","type":"page","link":"https:\/\/mapatao.fr\/voyages\/?page_id=36","title":{"rendered":"Islande (2012)"},"content":{"rendered":"<p><a href=\"http:\/\/mapatao.fr\/voyages\/wp-content\/uploads\/2012\/08\/montage-signalisation.jpg\"><img loading=\"lazy\" decoding=\"async\" class=\"size-medium wp-image-1074 alignleft\" src=\"http:\/\/mapatao.fr\/voyages\/wp-content\/uploads\/2012\/08\/montage-signalisation-300x212.jpg\" alt=\"montage signalisation\" width=\"300\" height=\"212\" srcset=\"https:\/\/mapatao.fr\/voyages\/wp-content\/uploads\/2012\/08\/montage-signalisation-300x212.jpg 300w, https:\/\/mapatao.fr\/voyages\/wp-content\/uploads\/2012\/08\/montage-signalisation.jpg 877w\" sizes=\"auto, (max-width: 300px) 100vw, 300px\" \/><\/a><\/p>\n<p><strong><a href=\"http:\/\/mapatao.fr\/voyages\/wp-content\/uploads\/2012\/08\/route.jpg\"><br \/>\n<\/a>Iceland, small world<\/strong><\/p>\n<p><strong><em>Et\u00e9 2012<\/em><\/strong><\/p>\n<p>&nbsp;<\/p>\n<p>&nbsp;<\/p>\n<p><img loading=\"lazy\" decoding=\"async\" class=\"alignnone size-medium wp-image-1079\" src=\"http:\/\/mapatao.fr\/voyages\/wp-content\/uploads\/2012\/08\/route-300x225.jpg\" alt=\"route\" width=\"300\" height=\"225\" srcset=\"https:\/\/mapatao.fr\/voyages\/wp-content\/uploads\/2012\/08\/route-300x225.jpg 300w, https:\/\/mapatao.fr\/voyages\/wp-content\/uploads\/2012\/08\/route.jpg 400w\" sizes=\"auto, (max-width: 300px) 100vw, 300px\" \/>Voyage \u00e0 conseiller quand on aime les grands espaces et la nature.<\/p>\n<p>Que dire de l&rsquo;Islande si ce n&rsquo;est qu&rsquo;on en a pris plein la vue,\u00a0on s&rsquo;est r\u00e9gal\u00e9 que ce soit avec la partie volcanique, glaci\u00e8re, les lacs et les fjords &#8230; En prime les baleines \u00e0 bosses qui ne sont plus de l&rsquo;ordre des cartes postales, mais bien grav\u00e9es dans notre m\u00e9moire. On a ador\u00e9 ! De plus nous avons eu\u00a0 un temps de folie. Le soleil \u00e9tait au RDV 10 jours sur 12 et seulement 1\/2 journ\u00e9e\u00a0accompagn\u00e9e de quelques gouttes de pluie. Que de bonheur !<\/p>\n","protected":false},"excerpt":{"rendered":"<p>Iceland, small world Et\u00e9 2012 &nbsp; &nbsp; Voyage \u00e0 conseiller quand on aime les grands espaces et la nature. Que dire de l&rsquo;Islande si ce n&rsquo;est qu&rsquo;on en a pris plein la vue,\u00a0on s&rsquo;est r\u00e9gal\u00e9 que ce soit avec la partie volcanique, glaci\u00e8re, les lacs et les fjords &#8230; En prime les baleines \u00e0 bosses<\/p>\n","protected":false},"author":1,"featured_media":0,"parent":2337,"menu_order":10,"comment_status":"open","ping_status":"closed","template":"","meta":{"jetpack_post_was_ever_published":false,"footnotes":""},"class_list":["post-36","page","type-page","status-publish","hentry"],"jetpack_sharing_enabled":true,"jetpack_shortlink":"https:\/\/wp.me\/P6Bpot-A","jetpack_likes_enabled":true,"_links":{"self":[{"href":"https:\/\/mapatao.fr\/voyages\/index.php?rest_route=\/wp\/v2\/pages\/36","targetHints":{"allow":["GET"]}}],"collection":[{"href":"https:\/\/mapatao.fr\/voyages\/index.php?rest_route=\/wp\/v2\/pages"}],"about":[{"href":"https:\/\/mapatao.fr\/voyages\/index.php?rest_route=\/wp\/v2\/types\/page"}],"author":[{"embeddable":true,"href":"https:\/\/mapatao.fr\/voyages\/index.php?rest_route=\/wp\/v2\/users\/1"}],"replies":[{"embeddable":true,"href":"https:\/\/mapatao.fr\/voyages\/index.php?rest_route=%2Fwp%2Fv2%2Fcomments&post=36"}],"version-history":[{"count":6,"href":"https:\/\/mapatao.fr\/voyages\/index.php?rest_route=\/wp\/v2\/pages\/36\/revisions"}],"predecessor-version":[{"id":4148,"href":"https:\/\/mapatao.fr\/voyages\/index.php?rest_route=\/wp\/v2\/pages\/36\/revisions\/4148"}],"up":[{"embeddable":true,"href":"https:\/\/mapatao.fr\/voyages\/index.php?rest_route=\/wp\/v2\/pages\/2337"}],"wp:attachment":[{"href":"https:\/\/mapatao.fr\/voyages\/index.php?rest_route=%2Fwp%2Fv2%2Fmedia&parent=36"}],"curies":[{"name":"wp","href":"https:\/\/api.w.org\/{rel}","templated":true}]}}