{"id":3843,"date":"2016-07-17T13:18:24","date_gmt":"2016-07-17T13:18:24","guid":{"rendered":"http:\/\/mapatao.fr\/voyages\/?page_id=3843"},"modified":"2016-11-29T17:54:48","modified_gmt":"2016-11-29T17:54:48","slug":"spitzberg","status":"publish","type":"page","link":"https:\/\/mapatao.fr\/voyages\/?page_id=3843","title":{"rendered":"Carnet de route Spitzberg"},"content":{"rendered":"<p><strong>D\u00e9part le 18\/07 &#8211; Paris\/Oslo<\/strong><br \/>\nPremi\u00e8re \u00e9tape Oslo. On perd d\u00e9j\u00e0 10 degr\u00e9s mais c&rsquo;est une ville sur front de mer en bord de fjord bien agr\u00e9able. Des jardins et des espaces verts partout, des styles architecturaux diverses, l&rsquo;art dans les rues, ballade sur le port.., bref une bonne et belle soir\u00e9e de transition.<\/p>\n<p>Demain on passe le cercle Arctique, on va sortir les polaires, je crois. \u00c9tape au nord de la Norv\u00e8ge \u00e0 Tromso avant d&rsquo;arriver au Spitzberg puis de passer le 80eme parall\u00e8le .<br \/>\nUne bonne nuit pour reposer les pieds et attaquer demain t\u00f4t le matin &#x1f634;<\/p>\n<p><strong>Le 19\/07 &#8211; Oslo \/Troms\u00f8\/Longyearbyen<br \/>\n<\/strong>78\u00b013&prime; N, ca y est nous y sommes. Nous avons pass\u00e9 le cercle polaire et bient\u00f4t le 80\u00e8me parall\u00e8le.<br \/>\n<span style=\"line-height: 1.75;\">8\u00b0 et un vent polaire nous accueillent, donc l&rsquo;\u00e9quipement est de mise (ressenti 4\u00b0).<\/span><\/p>\n<p><strong>Longyearbyen -78\u00b0 13&rsquo;N\u00a0<\/strong><\/p>\n<p><img loading=\"lazy\" decoding=\"async\" class=\"alignnone size-medium wp-image-3927\" src=\"http:\/\/mapatao.fr\/voyages\/wp-content\/uploads\/2016\/08\/LongyearbynP1000845-300x200.jpg\" alt=\"LongyearbynP1000845\" width=\"300\" height=\"200\" srcset=\"https:\/\/mapatao.fr\/voyages\/wp-content\/uploads\/2016\/08\/LongyearbynP1000845-300x200.jpg 300w, https:\/\/mapatao.fr\/voyages\/wp-content\/uploads\/2016\/08\/LongyearbynP1000845-1024x683.jpg 1024w\" sizes=\"auto, (max-width: 300px) 100vw, 300px\" \/><\/p>\n<p>On ne vient pas au Spitzberg pour sa <em>\u00ab\u00a0<\/em>capitale<em>\u00ab\u00a0,<\/em> Longyearbyen. \u00c9tal\u00e9e de part et d&rsquo;autre d&rsquo;une morne vall\u00e9e glaciaire, la ville affiche des airs de station de sports d&rsquo;hiver \u00e0 l&rsquo;intersaison. Partout, des motoneiges gar\u00e9s. Le spitzberg, on y vient en partie pour les ours blancs&#8230; Ceux-l\u00e0, du moins, sont au rendez-vous\u00a0: un premier d\u00e8s l&rsquo;a\u00e9roport, pr\u00e8s du tapis \u00e0 bagages\u00a0; un autre (pouilleux) dans le hall de l&rsquo;h\u00f4tel Radisson Blue\u00a0; un troisi\u00e8me, sur fond de paysage surr\u00e9aliste, \u00e0 l&rsquo;entr\u00e9e du supermarch\u00e9\u2026<br \/>\nLongyearbyen est une ville mini\u00e8re qui se traverse tr\u00e8s vite, mais les paysages et les glaciers changent de couleurs au fil de la journ\u00e9e. \u00c7a mitraille d\u00e9j\u00e0 pas mal&#8230;<\/p>\n<p>L\u00e0 haut, au p\u00f4le nord, on est pr\u00e8s pour toutes les d\u00e9couvertes. Ce soir dans l&rsquo;assiette du morse (c&rsquo;est une premi\u00e8re), du renne et de la baleine.\u00a0Chacun a fait\u00a0l&rsquo;objet d&rsquo;une mac\u00e9ration. Notre avis : pour go\u00fbter \u00e7a va, mais cela n&rsquo;ira pas au del\u00e0.<br \/>\nDemain, d\u00e9part pour 2 jours de randonn\u00e9es zodiaque dans les fjords.<\/p>\n<p><strong>20\/07 et 21\/07 &#8211;\u00a0Taste of Arctic &#8211; 2 days summer adventure to Isfjord Radio<\/strong><\/p>\n<p><a href=\"http:\/\/mapatao.fr\/voyages\/wp-content\/uploads\/2016\/08\/isfjordP1000815.jpg\"><img loading=\"lazy\" decoding=\"async\" class=\"alignnone size-medium wp-image-3910\" src=\"http:\/\/mapatao.fr\/voyages\/wp-content\/uploads\/2016\/08\/isfjordP1000815-300x200.jpg\" alt=\"isfjordP1000815\" width=\"300\" height=\"200\" srcset=\"https:\/\/mapatao.fr\/voyages\/wp-content\/uploads\/2016\/08\/isfjordP1000815-300x200.jpg 300w, https:\/\/mapatao.fr\/voyages\/wp-content\/uploads\/2016\/08\/isfjordP1000815-1024x683.jpg 1024w\" sizes=\"auto, (max-width: 300px) 100vw, 300px\" \/><\/a><\/p>\n<p>Exp\u00e9dition polaire, direction isfjord radio station cr\u00e9e en 1933. \u00c9quipement oblig\u00e9, nous voil\u00e0 tels des pingouins qui peinent \u00e0 se d\u00e9placer. Mais bon les 5 degr\u00e9s ne nous font gu\u00e8re h\u00e9siter \u00e0 empiler les couches. Apr\u00e8s 2h de zodiaque dans un spectacle grandiose, on arrive au milieu de nul part. Les h\u00f4tes nous accueillent le fusil sur l&rsquo;\u00e9paule pr\u00e8s \u00e0 faire fuir les ours qui viendrait d&rsquo;un peu trop pr\u00e8s nous faire la bise. Dr\u00f4le de lieu pour f\u00eater ses 50 ans, non? Mais ici le temps s&rsquo;arr\u00eate ou reste suspendu. En tout cas on le vit diff\u00e9remment dans ce cadre sauvage et presque inhospitalier. \u00ab\u00a0Le camp radio\u00a0\u00bb est une niche cosy au milieu de la toundra. Ici on pause tout, entour\u00e9 par la mer, on se vide la t\u00eate.<\/p>\n<p><a href=\"http:\/\/mapatao.fr\/voyages\/wp-content\/uploads\/2016\/07\/image1.jpeg\"><img loading=\"lazy\" decoding=\"async\" class=\"alignnone size-medium wp-image-3866\" src=\"http:\/\/mapatao.fr\/voyages\/wp-content\/uploads\/2016\/07\/image1-300x200.jpeg\" alt=\"image\" width=\"300\" height=\"200\" srcset=\"https:\/\/mapatao.fr\/voyages\/wp-content\/uploads\/2016\/07\/image1-300x200.jpeg 300w, https:\/\/mapatao.fr\/voyages\/wp-content\/uploads\/2016\/07\/image1.jpeg 550w\" sizes=\"auto, (max-width: 300px) 100vw, 300px\" \/><\/a><\/p>\n<p>Accompagn\u00e9s de notre guide, fusil au bras, gun \u00e0 la ceinture, nous partons \u00e0 la d\u00e9couverte d&rsquo;isfjord radio. Un espace immense o\u00f9 la toundra nous offre des couleurs d&rsquo;\u00e9t\u00e9.<\/p>\n<p><a href=\"http:\/\/mapatao.fr\/voyages\/wp-content\/uploads\/2016\/08\/isfjordIMG_6074.jpg\"><img loading=\"lazy\" decoding=\"async\" class=\"alignnone size-medium wp-image-3900\" src=\"http:\/\/mapatao.fr\/voyages\/wp-content\/uploads\/2016\/08\/isfjordIMG_6074-300x200.jpg\" alt=\"isfjordIMG_6074\" width=\"300\" height=\"200\" srcset=\"https:\/\/mapatao.fr\/voyages\/wp-content\/uploads\/2016\/08\/isfjordIMG_6074-300x200.jpg 300w, https:\/\/mapatao.fr\/voyages\/wp-content\/uploads\/2016\/08\/isfjordIMG_6074-1024x683.jpg 1024w\" sizes=\"auto, (max-width: 300px) 100vw, 300px\" \/><\/a><\/p>\n<p><a href=\"http:\/\/mapatao.fr\/voyages\/wp-content\/uploads\/2016\/08\/isfjordIMG_6091.jpg\"><img loading=\"lazy\" decoding=\"async\" class=\"alignnone size-medium wp-image-3901\" src=\"http:\/\/mapatao.fr\/voyages\/wp-content\/uploads\/2016\/08\/isfjordIMG_6091-300x200.jpg\" alt=\"isfjordIMG_6091\" width=\"300\" height=\"200\" srcset=\"https:\/\/mapatao.fr\/voyages\/wp-content\/uploads\/2016\/08\/isfjordIMG_6091-300x200.jpg 300w, https:\/\/mapatao.fr\/voyages\/wp-content\/uploads\/2016\/08\/isfjordIMG_6091-1024x683.jpg 1024w\" sizes=\"auto, (max-width: 300px) 100vw, 300px\" \/><\/a><\/p>\n<p>Des rennes, des traces d&rsquo;ours, des oiseaux et donc des renards arctique. Et surtout un calme et un silence dont on se nourrit.<br \/>\n<a href=\"http:\/\/mapatao.fr\/voyages\/wp-content\/uploads\/2016\/07\/image.jpeg\"><img loading=\"lazy\" decoding=\"async\" class=\"alignnone size-medium wp-image-3858\" src=\"http:\/\/mapatao.fr\/voyages\/wp-content\/uploads\/2016\/07\/image-300x104.jpeg\" alt=\"image\" width=\"300\" height=\"104\" srcset=\"https:\/\/mapatao.fr\/voyages\/wp-content\/uploads\/2016\/07\/image-300x104.jpeg 300w, https:\/\/mapatao.fr\/voyages\/wp-content\/uploads\/2016\/07\/image-1024x353.jpeg 1024w, https:\/\/mapatao.fr\/voyages\/wp-content\/uploads\/2016\/07\/image.jpeg 1823w\" sizes=\"auto, (max-width: 300px) 100vw, 300px\" \/><\/a><\/p>\n<p><a href=\"http:\/\/mapatao.fr\/voyages\/wp-content\/uploads\/2016\/07\/image2.jpeg\"><img loading=\"lazy\" decoding=\"async\" class=\"alignnone size-medium wp-image-3867\" src=\"http:\/\/mapatao.fr\/voyages\/wp-content\/uploads\/2016\/07\/image2-300x99.jpeg\" alt=\"image\" width=\"300\" height=\"99\" srcset=\"https:\/\/mapatao.fr\/voyages\/wp-content\/uploads\/2016\/07\/image2-300x99.jpeg 300w, https:\/\/mapatao.fr\/voyages\/wp-content\/uploads\/2016\/07\/image2-1024x337.jpeg 1024w\" sizes=\"auto, (max-width: 300px) 100vw, 300px\" \/><\/a><\/p>\n<p><a href=\"http:\/\/mapatao.fr\/voyages\/wp-content\/uploads\/2016\/07\/image3.jpeg\"><img loading=\"lazy\" decoding=\"async\" class=\"alignnone size-medium wp-image-3870\" src=\"http:\/\/mapatao.fr\/voyages\/wp-content\/uploads\/2016\/07\/image3-300x136.jpeg\" alt=\"image\" width=\"300\" height=\"136\" srcset=\"https:\/\/mapatao.fr\/voyages\/wp-content\/uploads\/2016\/07\/image3-300x136.jpeg 300w, https:\/\/mapatao.fr\/voyages\/wp-content\/uploads\/2016\/07\/image3-1024x463.jpeg 1024w\" sizes=\"auto, (max-width: 300px) 100vw, 300px\" \/><\/a><\/p>\n<p>Au bout du monde, nous avons dans notre \u00ab\u00a0camp\u00a0\u00bb une chef cuisto incroyable. Ce soir apr\u00e8s une soupe au c\u00e9leri cr\u00e8me et ses filets de baleine fum\u00e9s, nous avons eu deux coquilles st Jacques cuitent au feu de bois dans leur cloche, sur lit de pur\u00e9e de pois et graines de Grenade. Un truc aussi d\u00e9licieux qu&rsquo;improbable. Mais ce n&rsquo;\u00e9tait que le 2eme met. Ensuite le plat principal \u00e9tait une longe de porc avec sa saucisse haricot vert pomme de terre et sa sauce au vin. Pour finir, surprise au chocolat. Mais l\u00e0 c&rsquo;est indescriptible.<br \/>\nBref on sort de table apr\u00e8s 2h30 avec d&rsquo;intensives discussions en anglais (je suis \u00e9puis\u00e9e). Bon ok, comme on n&rsquo;a pas le droit de sortir pour aller dig\u00e9rer, \u00e0 moins d&rsquo;avoir un guide avec son fusil, on pouvait continuer les discussions toute la nuit qui est aussi blanche que nos apr\u00e8s midi parisiens. Superbe soir\u00e9e avec nos amis norv\u00e9giens et notre guide.<\/p>\n<p><strong>22\/07 au 26\/07 &#8211; Artic aventure<\/strong><\/p>\n<p><strong>Retour \u00e0 Longyearbyen<\/strong><br \/>\nVisite du mus\u00e9e du Svalbard, dans un grand b\u00e2timent bas bard\u00e9 de cuivre, en aval de la rue principale. La partie gauche abrite les d\u00e9partements <em>\u00ab\u00a0<\/em>arctiques<em>\u00ab\u00a0<\/em> de l&rsquo;universit\u00e9 tr\u00e8s r\u00e9put\u00e9e de Troms\u00f8 (au nord de la Norv\u00e8ge).<\/p>\n<p>16h &#8211; On embarque sur notre bateau d&rsquo;exp\u00e9dition le MS Nordstjernen, \u00e0 l\u2019atmosph\u00e8re empreinte de nostalgie, qui nous\u00a0emm\u00e8ne \u00e0 la d\u00e9couverte de l\u2019essence du Spitzberg.<br \/>\n<a href=\"http:\/\/mapatao.fr\/voyages\/wp-content\/uploads\/2016\/08\/M-exp\u00e9dition-P1010221.jpg\"><img loading=\"lazy\" decoding=\"async\" class=\"alignnone size-medium wp-image-3940\" src=\"http:\/\/mapatao.fr\/voyages\/wp-content\/uploads\/2016\/08\/M-exp\u00e9dition-P1010221-300x200.jpg\" alt=\"M exp\u00e9dition P1010221\" width=\"300\" height=\"200\" srcset=\"https:\/\/mapatao.fr\/voyages\/wp-content\/uploads\/2016\/08\/M-exp\u00e9dition-P1010221-300x200.jpg 300w, https:\/\/mapatao.fr\/voyages\/wp-content\/uploads\/2016\/08\/M-exp\u00e9dition-P1010221-1024x683.jpg 1024w\" sizes=\"auto, (max-width: 300px) 100vw, 300px\" \/><\/a><\/p>\n<p><strong>Barentsburg,\u00a0dernier \u00eelot de l\u2019empire sovi\u00e9tique &#8211; 78\u00b0 04&prime; N<br \/>\n<\/strong>Premi\u00e8re escale dans la communaut\u00e9 russe de Barentsburg, o\u00f9 nous\u00a0d\u00e9couvrons ce village minier et assistons \u00e0 une repr\u00e9sentation folklorique russe. C&rsquo;est le second lieu le plus habit\u00e9 du Svalbard apr\u00e8s\u00a0Longyearbyen et compte environ 400 habitants, quasiment tous des Russes et Ukrainiens. Aucune route ne permet d&rsquo;atteindre Barentsburg. On ne peut atteindre la ville que par bateau en \u00e9t\u00e9 et motoneige en hiver. La principale activit\u00e9 \u00e9conomique de la ville est l&rsquo;extraction de charbon.<\/p>\n<p>Continuation dans l\u2019Isfjord vers le nord, en longeant Prins Karls Forland.<\/p>\n<p><strong>\u00a0Magdalenefjorden &#8211; 79\u00b030&prime;<br \/>\n<a href=\"http:\/\/mapatao.fr\/voyages\/wp-content\/uploads\/2016\/08\/M-exp\u00e9dition-IMG_6196.jpg\"><img loading=\"lazy\" decoding=\"async\" class=\"alignnone size-medium wp-image-3953\" src=\"http:\/\/mapatao.fr\/voyages\/wp-content\/uploads\/2016\/08\/M-exp\u00e9dition-IMG_6196-300x200.jpg\" alt=\"M exp\u00e9dition IMG_6196\" width=\"300\" height=\"200\" srcset=\"https:\/\/mapatao.fr\/voyages\/wp-content\/uploads\/2016\/08\/M-exp\u00e9dition-IMG_6196-300x200.jpg 300w, https:\/\/mapatao.fr\/voyages\/wp-content\/uploads\/2016\/08\/M-exp\u00e9dition-IMG_6196-1024x683.jpg 1024w\" sizes=\"auto, (max-width: 300px) 100vw, 300px\" \/><\/a><\/strong><\/p>\n<p>La baie de la madeleine fut nomm\u00e9e Sainte Madeleine, patronne des baleiniers. Elle fut d&rsquo;abord appel\u00e9e \u00ab\u00a0la baie des dents\u00a0\u00bb en raison des nombreux morses. Onze glaciers sont visibles depuis la baie et nous offre un mouillage abrit\u00e9. c&rsquo;est un moment fort.\u00a0Ce qui me frappe, ce sont ces montagnes ac\u00e9r\u00e9es, sorte de forteresse, qui cernent ce petit fjord. Le glacier pr\u00e9sente un front de glace de 40m de hauteur.<br \/>\nLa Baie se pr\u00e9sente \u00e0 nous tel\u00a0un petit joyau naturel. On enfile polaire, veste gortex, bonnet et chaussures de marche. C&rsquo;est notre premier d\u00e9barquement et nous rejoignons\u00a0le glacier en zodiac, accostant sur la mince presqu\u2019\u00eele de terre qui la prot\u00e8ge de la mer.<\/p>\n<p>Nous continuons notre navigation vers le nord. Le capitaine nous signale un groupe de deux ou trois baleines \u00e0 tribord. Aileron visible, souffle puissant et magistral coup de queue final\u00a0: une\u00a0baleine \u00e0 bosse. Un plus loin les baleines blanches (b\u00e9luga) nous offrent une danse majestueuse dans le soleil qui commence \u00e0 flirter avec l&rsquo;horizon.<\/p>\n<p><strong>Le glacier Monaco &#8211;\u00a0Liefefjorden<\/strong><br \/>\n<a href=\"http:\/\/mapatao.fr\/voyages\/wp-content\/uploads\/2016\/08\/M-exp\u00e9dition-P1010454.jpg\"><img loading=\"lazy\" decoding=\"async\" class=\"alignnone size-medium wp-image-3979\" src=\"http:\/\/mapatao.fr\/voyages\/wp-content\/uploads\/2016\/08\/M-exp\u00e9dition-P1010454-300x225.jpg\" alt=\"M exp\u00e9dition P1010454\" width=\"300\" height=\"225\" srcset=\"https:\/\/mapatao.fr\/voyages\/wp-content\/uploads\/2016\/08\/M-exp\u00e9dition-P1010454-300x225.jpg 300w, https:\/\/mapatao.fr\/voyages\/wp-content\/uploads\/2016\/08\/M-exp\u00e9dition-P1010454-1024x768.jpg 1024w\" sizes=\"auto, (max-width: 300px) 100vw, 300px\" \/><\/a><\/p>\n<p>En naviguant\u00a0vers le glacier de Monaco, nous longeons de nombreux petits \u00eelots accueillant des canards eider l\u2019\u00e9t\u00e9. C\u2019est le lieu id\u00e9al pour observer l\u2019ours polaire en qu\u00eate d\u2019oeufs. A b\u00e2bord,\u00a0ils sont l\u00e0 les polars bears ! On mitraille &#8230; Une m\u00e8re et son petit (d\u00e9j\u00e0 bien gros) nous offre un spectacle \u00e9poustouflant.<\/p>\n<p><strong>Texas Bar<\/strong><br \/>\n<img loading=\"lazy\" decoding=\"async\" class=\"alignnone size-medium wp-image-3877\" src=\"http:\/\/mapatao.fr\/voyages\/wp-content\/uploads\/2016\/07\/image5-300x225.jpeg\" alt=\"image\" width=\"300\" height=\"225\" srcset=\"https:\/\/mapatao.fr\/voyages\/wp-content\/uploads\/2016\/07\/image5-300x225.jpeg 300w, https:\/\/mapatao.fr\/voyages\/wp-content\/uploads\/2016\/07\/image5-1024x769.jpeg 1024w, https:\/\/mapatao.fr\/voyages\/wp-content\/uploads\/2016\/07\/image5.jpeg 1702w\" sizes=\"auto, (max-width: 300px) 100vw, 300px\" \/><\/p>\n<p>Nous d\u00e9barquons et d\u00e9couvrons \u00ab\u00a0texas bar\u00a0\u00bb vielle cabane de trappeur. \u00a0J\u2019aper\u00e7ois un petit renard blanc et marron, portant encore une partie de son pelage d&rsquo;hiver. Je crie \u00ab\u00a0renard, renard!\u00a0\u00bb&#8230; Evidemment personne ne parlant fran\u00e7ais ne \u00a0comprend et j&rsquo;ai oubli\u00e9 comment on dit renard en anglais. Polar fox bien sur !\u00a0Il se laisse approcher \u00e0 dix m\u00e8tres, pas le moins du monde impressionn\u00e9.<\/p>\n<p><strong>On passe le 80\u00b0 parall\u00e8le, nous sommes au p\u00f4le Nord<br \/>\n<\/strong><span style=\"line-height: 1.75;\"><img loading=\"lazy\" decoding=\"async\" class=\"alignnone size-medium wp-image-3994\" src=\"http:\/\/mapatao.fr\/voyages\/wp-content\/uploads\/2016\/08\/M-exp\u00e9dition-z80-P1010536bis-300x158.jpg\" alt=\"M exp\u00e9dition z80 P1010536bis\" width=\"300\" height=\"158\" srcset=\"https:\/\/mapatao.fr\/voyages\/wp-content\/uploads\/2016\/08\/M-exp\u00e9dition-z80-P1010536bis-300x158.jpg 300w, https:\/\/mapatao.fr\/voyages\/wp-content\/uploads\/2016\/08\/M-exp\u00e9dition-z80-P1010536bis-1024x539.jpg 1024w\" sizes=\"auto, (max-width: 300px) 100vw, 300px\" \/><\/span><\/p>\n<p><span style=\"line-height: 1.75;\">Le temps est top et\u00a0nous passerons le 80\u00b0 Nord en direction de Moffen, un refuge r\u00e9put\u00e9 pour les morses.\u00a0L\u2019\u00eele est plate, elle est d\u2019acc\u00e8s ais\u00e9 pour les mammif\u00e8res marins. Elle est un lieu important pour les morses dont on trouve de grandes colonies. L\u2019\u00eele est aussi un lieu de reproduction important pour les oiseaux.\u00a0L\u2019\u00eele est une r\u00e9serve naturelle et fait partie du parc national de Nordvest-Spitsbergen.<\/span><\/p>\n<p><strong>Ny-Alesund, station de recherches<\/strong><\/p>\n<p><img loading=\"lazy\" decoding=\"async\" class=\"alignnone size-medium wp-image-3967\" src=\"http:\/\/mapatao.fr\/voyages\/wp-content\/uploads\/2016\/08\/M-exp\u00e9dition-Ny-aslesundIMG_6465-300x200.jpg\" alt=\"M exp\u00e9dition Ny aslesundIMG_6465\" width=\"300\" height=\"200\" srcset=\"https:\/\/mapatao.fr\/voyages\/wp-content\/uploads\/2016\/08\/M-exp\u00e9dition-Ny-aslesundIMG_6465-300x200.jpg 300w, https:\/\/mapatao.fr\/voyages\/wp-content\/uploads\/2016\/08\/M-exp\u00e9dition-Ny-aslesundIMG_6465-1024x683.jpg 1024w\" sizes=\"auto, (max-width: 300px) 100vw, 300px\" \/><\/p>\n<p>D\u00e9couverte du Kongsjord, le plus grand fjord de la c\u00f4te nord-ouest du Spitzberg et du Krossfjord. Le paysage varie des vastes plaines de toundra jusqu\u2019aux sommets alpins et aux glaciers plongeant dans l\u2019oc\u00e9an. Au fond du fjord, le majestueux glacier Kongsbreen offre un d\u00e9cor grandiose.<br \/>\nEscale ensuite \u00e0 Ny-\u00c5lesund, \u00a0site de recherches du Haut-Arctique. C&rsquo;est la station la plus septentrionale du monde (78<span style=\"font-size: 12px; line-height: 0px;\">\u00b0<\/span>55&prime;), ancienne cit\u00e9 mini\u00e8re marqu\u00e9e par une s\u00e9rie d&rsquo;accidents meurtriers, elle abrite une communaut\u00e9 scientifique : trente chercheurs l&rsquo;hiver, cent cinquante l&rsquo;\u00e9t\u00e9. Une dizaine de pays (dont la France) y sont repr\u00e9sent\u00e9s. Du bateau, le village ne ressemble \u00e0 rien\u00a0: deux quais de d\u00e9barquement, un b\u00e2timent un peu \u00e9lev\u00e9 o\u00f9 s&rsquo;effectuait le tri du charbon, une vingtaine de maisons en bois\u2026<br \/>\nMalgr\u00e9 le grand soleil, un vent glacial souffle sur Ny-\u00c5lesund. Une fois \u00e0 terre, la situation appara\u00eet plus contrast\u00e9e. Entre mer et montagne, le village ne manque pas d&rsquo;allure, dans une glaciale symphonie de bleu, de gris et de jaune. Interdiction de marcher hors du chemin, pour ne pas d\u00e9ranger les oiseaux.<\/p>\n<p><strong>Kongsfjorden &#8211; La baie du roi-\u00a079\u00b00&rsquo;0&Prime; N<br \/>\n<\/strong>L&rsquo;entr\u00e9e du fjord est de <span class=\"nowrap\">26\u00a0km<\/span> de long et sa largeur varie de 6 \u00e0 <span class=\"nowrap\">14\u00a0km<\/span>. Deux glaciers bordent le chenal, Kronebreen et Kongsvegen. Impossible de d\u00e9barquer. Un ours se pr\u00e9lasse et nage tranquillement dans les icebergs. on ne se lasse pas du spectacle&#8230;<a href=\"http:\/\/mapatao.fr\/voyages\/wp-content\/uploads\/2016\/07\/spitzberg-1.jpg\"><br \/>\n<\/a><a href=\"http:\/\/mapatao.fr\/voyages\/wp-content\/uploads\/2016\/07\/image4.jpeg\"><img loading=\"lazy\" decoding=\"async\" class=\"alignnone size-medium wp-image-3876\" src=\"http:\/\/mapatao.fr\/voyages\/wp-content\/uploads\/2016\/07\/image4-300x225.jpeg\" alt=\"image\" width=\"300\" height=\"225\" srcset=\"https:\/\/mapatao.fr\/voyages\/wp-content\/uploads\/2016\/07\/image4-300x225.jpeg 300w, https:\/\/mapatao.fr\/voyages\/wp-content\/uploads\/2016\/07\/image4-1024x768.jpeg 1024w, https:\/\/mapatao.fr\/voyages\/wp-content\/uploads\/2016\/07\/image4.jpeg 1723w\" sizes=\"auto, (max-width: 300px) 100vw, 300px\" \/><\/a><\/p>\n<p><strong>A beautiful exp\u00e9dition with polar fox, polar bears, Walrus, b\u00e9luga , a lot of birds&#8230; And spectcular views.<\/strong><\/p>\n<p>&nbsp;<\/p>\n","protected":false},"excerpt":{"rendered":"<p>D\u00e9part le 18\/07 &#8211; Paris\/Oslo Premi\u00e8re \u00e9tape Oslo. On perd d\u00e9j\u00e0 10 degr\u00e9s mais c&rsquo;est une ville sur front de mer en bord de fjord bien agr\u00e9able. Des jardins et des espaces verts partout, des styles architecturaux diverses, l&rsquo;art dans les rues, ballade sur le port.., bref une bonne et belle soir\u00e9e de transition. Demain<\/p>\n","protected":false},"author":1,"featured_media":0,"parent":2337,"menu_order":0,"comment_status":"closed","ping_status":"closed","template":"","meta":{"jetpack_post_was_ever_published":false,"footnotes":""},"class_list":["post-3843","page","type-page","status-publish","hentry"],"jetpack_sharing_enabled":true,"jetpack_shortlink":"https:\/\/wp.me\/P6Bpot-ZZ","jetpack_likes_enabled":true,"_links":{"self":[{"href":"https:\/\/mapatao.fr\/voyages\/index.php?rest_route=\/wp\/v2\/pages\/3843","targetHints":{"allow":["GET"]}}],"collection":[{"href":"https:\/\/mapatao.fr\/voyages\/index.php?rest_route=\/wp\/v2\/pages"}],"about":[{"href":"https:\/\/mapatao.fr\/voyages\/index.php?rest_route=\/wp\/v2\/types\/page"}],"author":[{"embeddable":true,"href":"https:\/\/mapatao.fr\/voyages\/index.php?rest_route=\/wp\/v2\/users\/1"}],"replies":[{"embeddable":true,"href":"https:\/\/mapatao.fr\/voyages\/index.php?rest_route=%2Fwp%2Fv2%2Fcomments&post=3843"}],"version-history":[{"count":49,"href":"https:\/\/mapatao.fr\/voyages\/index.php?rest_route=\/wp\/v2\/pages\/3843\/revisions"}],"predecessor-version":[{"id":4019,"href":"https:\/\/mapatao.fr\/voyages\/index.php?rest_route=\/wp\/v2\/pages\/3843\/revisions\/4019"}],"up":[{"embeddable":true,"href":"https:\/\/mapatao.fr\/voyages\/index.php?rest_route=\/wp\/v2\/pages\/2337"}],"wp:attachment":[{"href":"https:\/\/mapatao.fr\/voyages\/index.php?rest_route=%2Fwp%2Fv2%2Fmedia&parent=3843"}],"curies":[{"name":"wp","href":"https:\/\/api.w.org\/{rel}","templated":true}]}}