{"id":3884,"date":"2016-08-09T12:39:08","date_gmt":"2016-08-09T12:39:08","guid":{"rendered":"http:\/\/mapatao.fr\/voyages\/?page_id=3884"},"modified":"2016-11-29T17:56:22","modified_gmt":"2016-11-29T17:56:22","slug":"spitzbergsvalbard-2016","status":"publish","type":"page","link":"https:\/\/mapatao.fr\/voyages\/?page_id=3884","title":{"rendered":"Spitzberg\/Svalbard (2016)"},"content":{"rendered":"<p><img loading=\"lazy\" decoding=\"async\" class=\"alignnone size-medium wp-image-3862\" src=\"http:\/\/mapatao.fr\/voyages\/wp-content\/uploads\/2016\/07\/image-300x200.gif\" alt=\"image\" width=\"300\" height=\"200\" \/><\/p>\n<p>Le Spitzberg repr\u00e9sente la couronne arctique de la Norv\u00e8ge. Situ\u00e9 \u00e0 mi-chemin entre la Norv\u00e8ge continental et le p\u00f4le nord, \u00a0on peut observer une faune exceptionnelle : des baleines, des milliers d\u2019oiseaux chaque \u00e9t\u00e9, des renards polaire, des rennes et le roi de l\u2019Arctique, l\u2019ours polaire.<\/p>\n<p>Une grande partie de l\u2019histoire du Spitzberg se d\u00e9couvre en visitant les diff\u00e9rents et fascinants sites de Longyearbyen, Barentsburg ou Ny-\u00c5lesund \u2013 tous avec un parfum d\u2019arctique et une atmosph\u00e8re qui leur sont propre. Ils partagent pourtant un point commun, une ambiance proche de la ru\u00e9e vers l\u2019or de Klondike, en affichant leur fiert\u00e9 d\u2019\u00eatre isol\u00e9 du continent.<\/p>\n<p><a href=\"http:\/\/mapatao.fr\/voyages\/wp-content\/uploads\/2016\/08\/LongyearbynP10008571-e1470763016167.jpg\"><img loading=\"lazy\" decoding=\"async\" class=\"size-medium wp-image-4023 alignleft\" src=\"http:\/\/mapatao.fr\/voyages\/wp-content\/uploads\/2016\/08\/LongyearbynP10008571-e1470763016167-200x300.jpg\" alt=\"LongyearbynP1000857\" width=\"200\" height=\"300\" srcset=\"https:\/\/mapatao.fr\/voyages\/wp-content\/uploads\/2016\/08\/LongyearbynP10008571-e1470763016167-200x300.jpg 200w, https:\/\/mapatao.fr\/voyages\/wp-content\/uploads\/2016\/08\/LongyearbynP10008571-e1470763016167-683x1024.jpg 683w\" sizes=\"auto, (max-width: 200px) 100vw, 200px\" \/><\/a><strong>Le svalbard c&rsquo;est :\u00a0<\/strong><br \/>\n2600 habitants<br \/>\n3500 ours<br \/>\n67% de neige<br \/>\n30% de soleil<br \/>\n3% de pluie<\/p>\n<p>&nbsp;<\/p>\n<p>Pour ce voyage, nous avons choisi le Spitsbergen travel. Nos exp\u00e9ditions et nos d\u00e9barquements nous am\u00e8neront au plus pr\u00e8s de la faune, d\u2019anciennes stations baleini\u00e8res devenues villes fant\u00f4mes, de cit\u00e9s mini\u00e8res recul\u00e9es, de fjords spectaculaires et de glaciers.<\/p>\n<p>&nbsp;<\/p>\n<p>&nbsp;<\/p>\n","protected":false},"excerpt":{"rendered":"<p>Le Spitzberg repr\u00e9sente la couronne arctique de la Norv\u00e8ge. Situ\u00e9 \u00e0 mi-chemin entre la Norv\u00e8ge continental et le p\u00f4le nord, \u00a0on peut observer une faune exceptionnelle : des baleines, des milliers d\u2019oiseaux chaque \u00e9t\u00e9, des renards polaire, des rennes et le roi de l\u2019Arctique, l\u2019ours polaire. Une grande partie de l\u2019histoire du Spitzberg se d\u00e9couvre<\/p>\n","protected":false},"author":1,"featured_media":0,"parent":2337,"menu_order":0,"comment_status":"closed","ping_status":"closed","template":"","meta":{"jetpack_post_was_ever_published":false,"footnotes":""},"class_list":["post-3884","page","type-page","status-publish","hentry"],"jetpack_sharing_enabled":true,"jetpack_shortlink":"https:\/\/wp.me\/P6Bpot-10E","jetpack_likes_enabled":true,"_links":{"self":[{"href":"https:\/\/mapatao.fr\/voyages\/index.php?rest_route=\/wp\/v2\/pages\/3884","targetHints":{"allow":["GET"]}}],"collection":[{"href":"https:\/\/mapatao.fr\/voyages\/index.php?rest_route=\/wp\/v2\/pages"}],"about":[{"href":"https:\/\/mapatao.fr\/voyages\/index.php?rest_route=\/wp\/v2\/types\/page"}],"author":[{"embeddable":true,"href":"https:\/\/mapatao.fr\/voyages\/index.php?rest_route=\/wp\/v2\/users\/1"}],"replies":[{"embeddable":true,"href":"https:\/\/mapatao.fr\/voyages\/index.php?rest_route=%2Fwp%2Fv2%2Fcomments&post=3884"}],"version-history":[{"count":5,"href":"https:\/\/mapatao.fr\/voyages\/index.php?rest_route=\/wp\/v2\/pages\/3884\/revisions"}],"predecessor-version":[{"id":4024,"href":"https:\/\/mapatao.fr\/voyages\/index.php?rest_route=\/wp\/v2\/pages\/3884\/revisions\/4024"}],"up":[{"embeddable":true,"href":"https:\/\/mapatao.fr\/voyages\/index.php?rest_route=\/wp\/v2\/pages\/2337"}],"wp:attachment":[{"href":"https:\/\/mapatao.fr\/voyages\/index.php?rest_route=%2Fwp%2Fv2%2Fmedia&parent=3884"}],"curies":[{"name":"wp","href":"https:\/\/api.w.org\/{rel}","templated":true}]}}