{"id":3893,"date":"2016-08-09T12:44:41","date_gmt":"2016-08-09T12:44:41","guid":{"rendered":"http:\/\/mapatao.fr\/voyages\/?page_id=3893"},"modified":"2016-11-29T17:55:51","modified_gmt":"2016-11-29T17:55:51","slug":"montage-video-spitzberg","status":"publish","type":"page","link":"https:\/\/mapatao.fr\/voyages\/?page_id=3893","title":{"rendered":"Montage Vid\u00e9o Spitzberg"},"content":{"rendered":"<p>Le Spitzberg une terre silencieuse et pr\u00e9serv\u00e9e&#8230; Le petit montage \u00e0 la fa\u00e7on, Raymond\u00a0le voyage en 30mn\u00a0!<\/p>\n<p><iframe loading=\"lazy\" title=\"Exp\u00e9dition spitzberg-web\" src=\"https:\/\/player.vimeo.com\/video\/180845160?dnt=1&amp;app_id=122963\" width=\"550\" height=\"309\" frameborder=\"0\" allow=\"autoplay; fullscreen; picture-in-picture; clipboard-write\"><\/iframe><\/p>\n","protected":false},"excerpt":{"rendered":"<p>Le Spitzberg une terre silencieuse et pr\u00e9serv\u00e9e&#8230; Le petit montage \u00e0 la fa\u00e7on, Raymond\u00a0le voyage en 30mn\u00a0!<\/p>\n","protected":false},"author":1,"featured_media":0,"parent":2337,"menu_order":0,"comment_status":"closed","ping_status":"closed","template":"","meta":{"jetpack_post_was_ever_published":false,"footnotes":""},"class_list":["post-3893","page","type-page","status-publish","hentry"],"jetpack_sharing_enabled":true,"jetpack_shortlink":"https:\/\/wp.me\/P6Bpot-10N","jetpack_likes_enabled":true,"_links":{"self":[{"href":"https:\/\/mapatao.fr\/voyages\/index.php?rest_route=\/wp\/v2\/pages\/3893","targetHints":{"allow":["GET"]}}],"collection":[{"href":"https:\/\/mapatao.fr\/voyages\/index.php?rest_route=\/wp\/v2\/pages"}],"about":[{"href":"https:\/\/mapatao.fr\/voyages\/index.php?rest_route=\/wp\/v2\/types\/page"}],"author":[{"embeddable":true,"href":"https:\/\/mapatao.fr\/voyages\/index.php?rest_route=\/wp\/v2\/users\/1"}],"replies":[{"embeddable":true,"href":"https:\/\/mapatao.fr\/voyages\/index.php?rest_route=%2Fwp%2Fv2%2Fcomments&post=3893"}],"version-history":[{"count":3,"href":"https:\/\/mapatao.fr\/voyages\/index.php?rest_route=\/wp\/v2\/pages\/3893\/revisions"}],"predecessor-version":[{"id":4100,"href":"https:\/\/mapatao.fr\/voyages\/index.php?rest_route=\/wp\/v2\/pages\/3893\/revisions\/4100"}],"up":[{"embeddable":true,"href":"https:\/\/mapatao.fr\/voyages\/index.php?rest_route=\/wp\/v2\/pages\/2337"}],"wp:attachment":[{"href":"https:\/\/mapatao.fr\/voyages\/index.php?rest_route=%2Fwp%2Fv2%2Fmedia&parent=3893"}],"curies":[{"name":"wp","href":"https:\/\/api.w.org\/{rel}","templated":true}]}}