{"id":41,"date":"2012-06-28T14:57:37","date_gmt":"2012-06-28T14:57:37","guid":{"rendered":"http:\/\/mapatao.free.fr\/?page_id=41"},"modified":"2016-08-09T17:38:54","modified_gmt":"2016-08-09T17:38:54","slug":"chypre","status":"publish","type":"page","link":"https:\/\/mapatao.fr\/voyages\/?page_id=41","title":{"rendered":"Chypre (2006)"},"content":{"rendered":"<p>\u00c9t\u00e9 2006<\/p>\n<p>Pr\u00e9senter Chypre c&rsquo;est comme proposer un repas mezze. Une grande vari\u00e9t\u00e9 de couleurs, de parfums&#8230; y&rsquo; en a pour tous les go\u00fbts. Montagne, for\u00eat, mer, site arch\u00e9ologique, temples etc.<\/p>\n<p>Vid\u00e9o est un bien grand mot. La technique n&rsquo;\u00e9tait pas encore au RDV, on va plut\u00f4t dire\u00a0diaporama sur fond musical. Mais ca laisse quand m\u00eame de bons souvenirs.<\/p>\n<iframe loading=\"lazy\" src=\"http:\/\/player.vimeo.com\/video\/47532237\" width=\"640\" height=\"480\" frameborder=\"0\" webkitAllowFullScreen mozallowfullscreen allowFullScreen><\/iframe>\n","protected":false},"excerpt":{"rendered":"<p>\u00c9t\u00e9 2006 Pr\u00e9senter Chypre c&rsquo;est comme proposer un repas mezze. Une grande vari\u00e9t\u00e9 de couleurs, de parfums&#8230; y&rsquo; en a pour tous les go\u00fbts. Montagne, for\u00eat, mer, site arch\u00e9ologique, temples etc. Vid\u00e9o est un bien grand mot. La technique n&rsquo;\u00e9tait pas encore au RDV, on va plut\u00f4t dire\u00a0diaporama sur fond musical. Mais ca laisse quand<\/p>\n","protected":false},"author":1,"featured_media":0,"parent":23,"menu_order":0,"comment_status":"open","ping_status":"closed","template":"","meta":{"jetpack_post_was_ever_published":false,"footnotes":""},"class_list":["post-41","page","type-page","status-publish","hentry"],"jetpack_sharing_enabled":true,"jetpack_shortlink":"https:\/\/wp.me\/P6Bpot-F","jetpack_likes_enabled":true,"_links":{"self":[{"href":"https:\/\/mapatao.fr\/voyages\/index.php?rest_route=\/wp\/v2\/pages\/41","targetHints":{"allow":["GET"]}}],"collection":[{"href":"https:\/\/mapatao.fr\/voyages\/index.php?rest_route=\/wp\/v2\/pages"}],"about":[{"href":"https:\/\/mapatao.fr\/voyages\/index.php?rest_route=\/wp\/v2\/types\/page"}],"author":[{"embeddable":true,"href":"https:\/\/mapatao.fr\/voyages\/index.php?rest_route=\/wp\/v2\/users\/1"}],"replies":[{"embeddable":true,"href":"https:\/\/mapatao.fr\/voyages\/index.php?rest_route=%2Fwp%2Fv2%2Fcomments&post=41"}],"version-history":[{"count":4,"href":"https:\/\/mapatao.fr\/voyages\/index.php?rest_route=\/wp\/v2\/pages\/41\/revisions"}],"predecessor-version":[{"id":4027,"href":"https:\/\/mapatao.fr\/voyages\/index.php?rest_route=\/wp\/v2\/pages\/41\/revisions\/4027"}],"up":[{"embeddable":true,"href":"https:\/\/mapatao.fr\/voyages\/index.php?rest_route=\/wp\/v2\/pages\/23"}],"wp:attachment":[{"href":"https:\/\/mapatao.fr\/voyages\/index.php?rest_route=%2Fwp%2Fv2%2Fmedia&parent=41"}],"curies":[{"name":"wp","href":"https:\/\/api.w.org\/{rel}","templated":true}]}}