{"id":5523,"date":"2018-07-28T08:41:28","date_gmt":"2018-07-28T08:41:28","guid":{"rendered":"https:\/\/mapatao.fr\/voyages\/?page_id=5523"},"modified":"2018-07-28T08:42:05","modified_gmt":"2018-07-28T08:42:05","slug":"alberta-et-colombie-britannique-2018","status":"publish","type":"page","link":"https:\/\/mapatao.fr\/voyages\/?page_id=5523","title":{"rendered":"Alberta et Colombie Britannique (2018)"},"content":{"rendered":"<p><a href=\"http:\/\/mapatao.fr\/voyages\/wp-content\/uploads\/2018\/07\/IMG_4344.jpg\"><img loading=\"lazy\" decoding=\"async\" class=\"size-thumbnail wp-image-5407\" src=\"http:\/\/mapatao.fr\/voyages\/wp-content\/uploads\/2018\/07\/IMG_4344-150x150.jpg\" alt=\"Physical location map of British Columbia, highlighted country, in context of entire country.\" width=\"150\" height=\"150\" srcset=\"https:\/\/mapatao.fr\/voyages\/wp-content\/uploads\/2018\/07\/IMG_4344-150x150.jpg 150w, https:\/\/mapatao.fr\/voyages\/wp-content\/uploads\/2018\/07\/IMG_4344-251x250.jpg 251w\" sizes=\"auto, (max-width: 150px) 100vw, 150px\" \/><\/a><\/p>\n<p>Attir\u00e9s par l&rsquo;immensit\u00e9, la nature, les massifs montagneux, les zones d\u00e9sertiques&#8230; nous avons choisi pour notre \u00e9t\u00e9 2018, de partir \u00e0 la d\u00e9couverte de la Colombie Britannique. \u00c9trangement difficile \u00e0 situer pour la plupart, c&rsquo;est devenu presque un jeu \u00e0 l&rsquo;annonce de notre voyage. Sous l&rsquo;Alaska ou l&rsquo;ouest Canadien facilite la localisation. Mais le p\u00e9riple qui s&rsquo;offre \u00e0 nous est vaste et surement l&rsquo;objet de plusieurs voyages. Pour cette fois, nous privil\u00e9gions la fabuleuse cha\u00eene des montagnes rocheuses (3000 \u00e0 4000 m) qui figure naturellement dans tout itin\u00e9raire du coin. Mais un tel p\u00e9riple resterait incomplet sans la visite de\u00a0 Calgary, des plaines ondulantes du sud de l&rsquo;Alberta, les lacs et rivi\u00e8res du nord et la m\u00e9tropole de la c\u00f4te du Pacifique \u00e0 savoir Vancouver. A nous les paysages somptueux, les nouvelles rencontres, profitons &#8230;<\/p>\n","protected":false},"excerpt":{"rendered":"<p>Attir\u00e9s par l&rsquo;immensit\u00e9, la nature, les massifs montagneux, les zones d\u00e9sertiques&#8230; nous avons choisi pour notre \u00e9t\u00e9 2018, de partir \u00e0 la d\u00e9couverte de la Colombie Britannique. \u00c9trangement difficile \u00e0 situer pour la plupart, c&rsquo;est devenu presque un jeu \u00e0 l&rsquo;annonce de notre voyage. Sous l&rsquo;Alaska ou l&rsquo;ouest Canadien facilite la localisation. Mais le p\u00e9riple<\/p>\n","protected":false},"author":1,"featured_media":0,"parent":0,"menu_order":0,"comment_status":"closed","ping_status":"closed","template":"","meta":{"jetpack_post_was_ever_published":false,"footnotes":""},"class_list":["post-5523","page","type-page","status-publish","hentry"],"jetpack_sharing_enabled":true,"jetpack_shortlink":"https:\/\/wp.me\/P6Bpot-1r5","jetpack_likes_enabled":true,"_links":{"self":[{"href":"https:\/\/mapatao.fr\/voyages\/index.php?rest_route=\/wp\/v2\/pages\/5523","targetHints":{"allow":["GET"]}}],"collection":[{"href":"https:\/\/mapatao.fr\/voyages\/index.php?rest_route=\/wp\/v2\/pages"}],"about":[{"href":"https:\/\/mapatao.fr\/voyages\/index.php?rest_route=\/wp\/v2\/types\/page"}],"author":[{"embeddable":true,"href":"https:\/\/mapatao.fr\/voyages\/index.php?rest_route=\/wp\/v2\/users\/1"}],"replies":[{"embeddable":true,"href":"https:\/\/mapatao.fr\/voyages\/index.php?rest_route=%2Fwp%2Fv2%2Fcomments&post=5523"}],"version-history":[{"count":2,"href":"https:\/\/mapatao.fr\/voyages\/index.php?rest_route=\/wp\/v2\/pages\/5523\/revisions"}],"predecessor-version":[{"id":5526,"href":"https:\/\/mapatao.fr\/voyages\/index.php?rest_route=\/wp\/v2\/pages\/5523\/revisions\/5526"}],"wp:attachment":[{"href":"https:\/\/mapatao.fr\/voyages\/index.php?rest_route=%2Fwp%2Fv2%2Fmedia&parent=5523"}],"curies":[{"name":"wp","href":"https:\/\/api.w.org\/{rel}","templated":true}]}}