{"id":6152,"date":"2022-07-31T10:35:14","date_gmt":"2022-07-31T10:35:14","guid":{"rendered":"https:\/\/mapatao.fr\/voyages\/?page_id=6152"},"modified":"2022-07-31T17:50:40","modified_gmt":"2022-07-31T17:50:40","slug":"ecosse-north-coast","status":"publish","type":"page","link":"https:\/\/mapatao.fr\/voyages\/?page_id=6152","title":{"rendered":"Ecosse North Coast (2022)"},"content":{"rendered":"\n<figure class=\"wp-block-image\"><img loading=\"lazy\" decoding=\"async\" width=\"1920\" height=\"1281\" src=\"https:\/\/mapatao.fr\/voyages\/wp-content\/uploads\/2022\/07\/IMG_1027.jpg\" alt=\"\" class=\"wp-image-6156\" srcset=\"https:\/\/mapatao.fr\/voyages\/wp-content\/uploads\/2022\/07\/IMG_1027.jpg 1920w, https:\/\/mapatao.fr\/voyages\/wp-content\/uploads\/2022\/07\/IMG_1027-300x200.jpg 300w, https:\/\/mapatao.fr\/voyages\/wp-content\/uploads\/2022\/07\/IMG_1027-768x512.jpg 768w, https:\/\/mapatao.fr\/voyages\/wp-content\/uploads\/2022\/07\/IMG_1027-1024x683.jpg 1024w\" sizes=\"auto, (max-width: 1920px) 100vw, 1920px\" \/><\/figure>\n\n\n\n<p>Apr\u00e8s 3 ans de confinement reprise des road trip \u00e0 travers le monde et nous avons choisi l&rsquo;\u00e9cosse, plus exactement sa route 500 r\u00e9put\u00e9e comme l&rsquo;une des 6 plus belles du monde, avec ses vall\u00e9es profondes, ses \u00eeles, ses lochs aur\u00e9ol\u00e9s de brume et ses ciels changeant. Ici les femmes et les hommes ont cr\u00e9e autant de whiskies qu&rsquo;ils ont fa\u00e7onn\u00e9e ch\u00e2teaux.<\/p>\n\n\n\n<figure class=\"wp-block-image\"><img loading=\"lazy\" decoding=\"async\" width=\"1055\" height=\"1073\" src=\"https:\/\/mapatao.fr\/voyages\/wp-content\/uploads\/2022\/07\/52fd2fa4-c506-404f-a609-a3467b21a43e.jpg\" alt=\"\" class=\"wp-image-6157\" srcset=\"https:\/\/mapatao.fr\/voyages\/wp-content\/uploads\/2022\/07\/52fd2fa4-c506-404f-a609-a3467b21a43e.jpg 1055w, https:\/\/mapatao.fr\/voyages\/wp-content\/uploads\/2022\/07\/52fd2fa4-c506-404f-a609-a3467b21a43e-295x300.jpg 295w, https:\/\/mapatao.fr\/voyages\/wp-content\/uploads\/2022\/07\/52fd2fa4-c506-404f-a609-a3467b21a43e-768x781.jpg 768w, https:\/\/mapatao.fr\/voyages\/wp-content\/uploads\/2022\/07\/52fd2fa4-c506-404f-a609-a3467b21a43e-1007x1024.jpg 1007w\" sizes=\"auto, (max-width: 1055px) 100vw, 1055px\" \/><\/figure>\n","protected":false},"excerpt":{"rendered":"<p>Apr\u00e8s 3 ans de confinement reprise des road trip \u00e0 travers le monde et nous avons choisi l&rsquo;\u00e9cosse, plus exactement sa route 500 r\u00e9put\u00e9e comme l&rsquo;une des 6 plus belles du monde, avec ses vall\u00e9es profondes, ses \u00eeles, ses lochs aur\u00e9ol\u00e9s de brume et ses ciels changeant. Ici les femmes et les hommes ont cr\u00e9e<\/p>\n","protected":false},"author":1,"featured_media":0,"parent":2337,"menu_order":0,"comment_status":"closed","ping_status":"closed","template":"","meta":{"jetpack_post_was_ever_published":false,"footnotes":""},"class_list":["post-6152","page","type-page","status-publish","hentry"],"jetpack_sharing_enabled":true,"jetpack_shortlink":"https:\/\/wp.me\/P6Bpot-1Be","jetpack_likes_enabled":true,"_links":{"self":[{"href":"https:\/\/mapatao.fr\/voyages\/index.php?rest_route=\/wp\/v2\/pages\/6152","targetHints":{"allow":["GET"]}}],"collection":[{"href":"https:\/\/mapatao.fr\/voyages\/index.php?rest_route=\/wp\/v2\/pages"}],"about":[{"href":"https:\/\/mapatao.fr\/voyages\/index.php?rest_route=\/wp\/v2\/types\/page"}],"author":[{"embeddable":true,"href":"https:\/\/mapatao.fr\/voyages\/index.php?rest_route=\/wp\/v2\/users\/1"}],"replies":[{"embeddable":true,"href":"https:\/\/mapatao.fr\/voyages\/index.php?rest_route=%2Fwp%2Fv2%2Fcomments&post=6152"}],"version-history":[{"count":5,"href":"https:\/\/mapatao.fr\/voyages\/index.php?rest_route=\/wp\/v2\/pages\/6152\/revisions"}],"predecessor-version":[{"id":6178,"href":"https:\/\/mapatao.fr\/voyages\/index.php?rest_route=\/wp\/v2\/pages\/6152\/revisions\/6178"}],"up":[{"embeddable":true,"href":"https:\/\/mapatao.fr\/voyages\/index.php?rest_route=\/wp\/v2\/pages\/2337"}],"wp:attachment":[{"href":"https:\/\/mapatao.fr\/voyages\/index.php?rest_route=%2Fwp%2Fv2%2Fmedia&parent=6152"}],"curies":[{"name":"wp","href":"https:\/\/api.w.org\/{rel}","templated":true}]}}