{"id":62,"date":"2012-07-02T05:32:33","date_gmt":"2012-07-02T05:32:33","guid":{"rendered":"http:\/\/mapatao.free.fr\/?page_id=62"},"modified":"2024-05-01T11:24:18","modified_gmt":"2024-05-01T11:24:18","slug":"qui-sommes-nous","status":"publish","type":"page","link":"https:\/\/mapatao.fr\/voyages\/?page_id=62","title":{"rendered":"Philosophie de voyage"},"content":{"rendered":"<p>Nous consid\u00e9rons le voyage comme un parcours initiatique o\u00f9 l&rsquo;on s&rsquo;enrichit \u00e0 chaque \u00e9tape. Nous traversons des lieux, \u00e0 la d\u00e9couverte des paysages, des populations apportant parfois de\u00a0nouvelles valeurs.<\/p>\n<p>Pour construire nos voyages, nous sommes plut\u00f4t un brin organis\u00e9s. Et oui nous avons pass\u00e9 l&rsquo;\u00e2ge du sac \u00e0 dos et de la tente canadienne. Mais bon, on s&rsquo;\u00e9clate \u00e0 fond quand m\u00eame !<\/p>\n<ul>\n<li>Nous aimons les grands espaces, et donc privil\u00e9gions la nature aux villes.<\/li>\n<li>On aime bien mixer h\u00e9bergement chez l&rsquo;habitant et lodge, mais cela d\u00e9pend aussi des destinations.<\/li>\n<li>Aimons varier d\u00e9couverte du pays, des habitants et de leur culture\u00a0et activit\u00e9s (sportives)\u00a0en vacances.<\/li>\n<\/ul>\n<p><strong>Mode op\u00e9ratoire<\/strong><\/p>\n<ol>\n<li>Choix de destination (en g\u00e9n\u00e9ral nous sommes \u00e0 peine rentr\u00e9s d&rsquo;un voyage que nous parlons d\u00e9j\u00e0 de la destination suivante. Quand on y prend go\u00fbt &#8230;)<\/li>\n<li>Lectures, visite de sites, recueil d&rsquo;infos<\/li>\n<li>Trac\u00e9 de notre itin\u00e9raire<\/li>\n<li>Choix d&rsquo;activit\u00e9 si besoin ou pr\u00e9cisions d&rsquo;envies sur place<\/li>\n<li>La plupart du temps nous montons de A \u00e0 Z le voyage,<\/li>\n<li>Si besoin (selon les destinations), nous lan\u00e7ons un appel d&rsquo;offre (l\u00e0 nous privil\u00e9gions les agences locales qui ont un bien meilleur r\u00e9seau). Avec l&rsquo;agence, nous ne r\u00e9servons \u00e0 l&rsquo;avance que les h\u00e9bergements et la location de voiture, et quelquefois les vols int\u00e9rieurs. Mais certaines peuvent nous proposer de belles d\u00e9couvertes, comme une immersion chez l&rsquo;habitant par exemple.<\/li>\n<li>R\u00e9servation<\/li>\n<li>\u00a0En route pour la d\u00e9couverte.<\/li>\n<\/ol>\n<p>En r\u00e8gle g\u00e9n\u00e9rale, nous retenons notre voyage au moins 6 mois \u00e0 l&rsquo;avance pour avoir de tr\u00e8s bons tarifs a\u00e9riens. Ceci vaut pour les longs courriers, car pour les voyages de la rubrique \u00ab\u00a0escapade\u00a0\u00bb, nous nous y prenons souvent \u00e0 la derni\u00e8re minute avec les offres internet.<\/p>\n<p>\u00a8Pour chaque voyage, nous r\u00e9alisons un livre photo, un film (30mn max) et un dossier retra\u00e7ant chaque \u00e9tape, avec les bonnes adresses, les d\u00e9couvertes etc..<\/p>\n","protected":false},"excerpt":{"rendered":"<p>Nous consid\u00e9rons le voyage comme un parcours initiatique o\u00f9 l&rsquo;on s&rsquo;enrichit \u00e0 chaque \u00e9tape. Nous traversons des lieux, \u00e0 la d\u00e9couverte des paysages, des populations apportant parfois de\u00a0nouvelles valeurs. Pour construire nos voyages, nous sommes plut\u00f4t un brin organis\u00e9s. Et oui nous avons pass\u00e9 l&rsquo;\u00e2ge du sac \u00e0 dos et de la tente canadienne. Mais<\/p>\n","protected":false},"author":1,"featured_media":0,"parent":0,"menu_order":1,"comment_status":"open","ping_status":"closed","template":"","meta":{"jetpack_post_was_ever_published":false,"footnotes":""},"class_list":["post-62","page","type-page","status-publish","hentry"],"jetpack_sharing_enabled":true,"jetpack_shortlink":"https:\/\/wp.me\/P6Bpot-10","jetpack_likes_enabled":true,"_links":{"self":[{"href":"https:\/\/mapatao.fr\/voyages\/index.php?rest_route=\/wp\/v2\/pages\/62","targetHints":{"allow":["GET"]}}],"collection":[{"href":"https:\/\/mapatao.fr\/voyages\/index.php?rest_route=\/wp\/v2\/pages"}],"about":[{"href":"https:\/\/mapatao.fr\/voyages\/index.php?rest_route=\/wp\/v2\/types\/page"}],"author":[{"embeddable":true,"href":"https:\/\/mapatao.fr\/voyages\/index.php?rest_route=\/wp\/v2\/users\/1"}],"replies":[{"embeddable":true,"href":"https:\/\/mapatao.fr\/voyages\/index.php?rest_route=%2Fwp%2Fv2%2Fcomments&post=62"}],"version-history":[{"count":5,"href":"https:\/\/mapatao.fr\/voyages\/index.php?rest_route=\/wp\/v2\/pages\/62\/revisions"}],"predecessor-version":[{"id":6296,"href":"https:\/\/mapatao.fr\/voyages\/index.php?rest_route=\/wp\/v2\/pages\/62\/revisions\/6296"}],"wp:attachment":[{"href":"https:\/\/mapatao.fr\/voyages\/index.php?rest_route=%2Fwp%2Fv2%2Fmedia&parent=62"}],"curies":[{"name":"wp","href":"https:\/\/api.w.org\/{rel}","templated":true}]}}