{"id":629,"date":"2012-07-27T13:08:08","date_gmt":"2012-07-27T13:08:08","guid":{"rendered":"http:\/\/mapatao.free.fr\/?page_id=629"},"modified":"2016-08-09T17:39:51","modified_gmt":"2016-08-09T17:39:51","slug":"fuerteventura","status":"publish","type":"page","link":"https:\/\/mapatao.fr\/voyages\/?page_id=629","title":{"rendered":"Fuerteventura (2012)"},"content":{"rendered":"<p>Escapade d&rsquo;une semaine \u00e9t\u00e9 2012.<br \/>\nObjectif : faire le plein de vitamine D et profiter du soleil<\/p>\n<p>&nbsp;<br \/>\nFuerteventura, \u00eele des Canaries, longue de 210 km. Certes on ne peut que dire qu&rsquo;il y a de magnifiques plages de sable blanc et un soleil radieux. Destination pour les amateurs de windsurf et kite surf. D&rsquo;ailleurs on profite \u00e0 cette p\u00e9riode d&rsquo;une \u00e9tape de la coupe du monde. Reste les profondeurs et pour la plong\u00e9e sous marine c&rsquo;est sympa.<br \/>\nDonc soit on passe une semaine \u00e0 faire le l\u00e9zard (mais c&rsquo;est pas notre truc) ou on loue une voiture pour visiter un peu l&rsquo;int\u00e9rieur. Bon mais franchement y a quand m\u00eame pas grand chose \u00e0 voir !<\/p>\n<p><strong>Pureto del rosario<\/strong>, la capitale : rien a voir de particulier<br \/>\n<strong>Antigua<\/strong> : situ\u00e9e au centre de l&rsquo;\u00eele, elle abrite plusieurs sites arch\u00e9ologiques et on trouvera notamment les fameux moulins (farine de ma\u00efs).<br \/>\n<strong>Betancura<\/strong> : petit village qui a gard\u00e9 beaucoup de charme avec quelques \u00e9l\u00e9ments de son \u00e9dification originelle, comme le clocher par ex.<br \/>\n<strong>La Pared<\/strong> : au d\u00e9tour des routes, cette plage vaut vraiment le d\u00e9tour. Encaiss\u00e9e dans quelques falaises, on retrouve le plaisir des rouleaux et les surfeurs s&rsquo;en donne \u00e0 c\u0153ur joie. Plage tranquille, loin de la foule. Un petit coin de paradis&#8230;<br \/>\n<strong>La oliva<\/strong> : patrimoine artistique de l&rsquo;\u00eele, la visite du mus\u00e9e d&rsquo;art est sympa.<br \/>\n<strong>El cotillo<\/strong> : au nord, cette r\u00e9gion compte les plus belles plages de l&rsquo;\u00eele au creux des dunes de sable du d\u00e9sert. Cette localit\u00e9 a incit\u00e9 au d\u00e9veloppement du tourisme. Cela dit petit resto sympa sur la plage, les pieds dans le sable chaud.<br \/>\n<strong>Morro jable<\/strong> : idem El cotillo mais au sud de l&rsquo;\u00eele.<br \/>\nLe must c\u00f4t\u00e9 plage, c&rsquo;est la playa Ricco del paso, entre mer et lagon. Longues \u00e9tendues pour ballades, et baignades. Tellement grand, que l&rsquo;on ne se d\u00e9range pas sur la plage. Paradis du kite surf et windsurf.<\/p>\n<p><a href=\"http:\/\/mapatao.free.fr\/wp-content\/uploads\/20120728-210927.jpg\"><img decoding=\"async\" class=\"alignnone size-full\" src=\"http:\/\/mapatao.free.fr\/wp-content\/uploads\/20120728-210927.jpg\" alt=\"20120728-210927.jpg\" \/><\/a><\/p>\n","protected":false},"excerpt":{"rendered":"<p>Escapade d&rsquo;une semaine \u00e9t\u00e9 2012. Objectif : faire le plein de vitamine D et profiter du soleil &nbsp; Fuerteventura, \u00eele des Canaries, longue de 210 km. Certes on ne peut que dire qu&rsquo;il y a de magnifiques plages de sable blanc et un soleil radieux. Destination pour les amateurs de windsurf et kite surf. D&rsquo;ailleurs<\/p>\n","protected":false},"author":1,"featured_media":0,"parent":23,"menu_order":0,"comment_status":"open","ping_status":"closed","template":"","meta":{"jetpack_post_was_ever_published":false,"footnotes":""},"class_list":["post-629","page","type-page","status-publish","hentry"],"jetpack_sharing_enabled":true,"jetpack_shortlink":"https:\/\/wp.me\/P6Bpot-a9","jetpack_likes_enabled":true,"_links":{"self":[{"href":"https:\/\/mapatao.fr\/voyages\/index.php?rest_route=\/wp\/v2\/pages\/629","targetHints":{"allow":["GET"]}}],"collection":[{"href":"https:\/\/mapatao.fr\/voyages\/index.php?rest_route=\/wp\/v2\/pages"}],"about":[{"href":"https:\/\/mapatao.fr\/voyages\/index.php?rest_route=\/wp\/v2\/types\/page"}],"author":[{"embeddable":true,"href":"https:\/\/mapatao.fr\/voyages\/index.php?rest_route=\/wp\/v2\/users\/1"}],"replies":[{"embeddable":true,"href":"https:\/\/mapatao.fr\/voyages\/index.php?rest_route=%2Fwp%2Fv2%2Fcomments&post=629"}],"version-history":[{"count":1,"href":"https:\/\/mapatao.fr\/voyages\/index.php?rest_route=\/wp\/v2\/pages\/629\/revisions"}],"predecessor-version":[{"id":4029,"href":"https:\/\/mapatao.fr\/voyages\/index.php?rest_route=\/wp\/v2\/pages\/629\/revisions\/4029"}],"up":[{"embeddable":true,"href":"https:\/\/mapatao.fr\/voyages\/index.php?rest_route=\/wp\/v2\/pages\/23"}],"wp:attachment":[{"href":"https:\/\/mapatao.fr\/voyages\/index.php?rest_route=%2Fwp%2Fv2%2Fmedia&parent=629"}],"curies":[{"name":"wp","href":"https:\/\/api.w.org\/{rel}","templated":true}]}}