{"id":6399,"date":"2024-09-19T13:04:21","date_gmt":"2024-09-19T13:04:21","guid":{"rendered":"https:\/\/mapatao.fr\/voyages\/?page_id=6399"},"modified":"2024-09-19T13:18:05","modified_gmt":"2024-09-19T13:18:05","slug":"croatie-2024","status":"publish","type":"page","link":"https:\/\/mapatao.fr\/voyages\/?page_id=6399","title":{"rendered":"Croatie (2024)"},"content":{"rendered":"\n<figure class=\"wp-block-image\"><img loading=\"lazy\" decoding=\"async\" width=\"945\" height=\"357\" src=\"https:\/\/mapatao.fr\/voyages\/wp-content\/uploads\/2024\/09\/image.png\" alt=\"\" class=\"wp-image-6400\" srcset=\"https:\/\/mapatao.fr\/voyages\/wp-content\/uploads\/2024\/09\/image.png 945w, https:\/\/mapatao.fr\/voyages\/wp-content\/uploads\/2024\/09\/image-300x113.png 300w, https:\/\/mapatao.fr\/voyages\/wp-content\/uploads\/2024\/09\/image-768x290.png 768w\" sizes=\"auto, (max-width: 945px) 100vw, 945px\" \/><\/figure>\n\n\n\n<p>ROAD TRIP\nCROATIE<\/p>\n\n\n\n<p> Amoureux de la nature, nous optons cette ann\u00e9e pour les parcs nationaux de la Croatie, un petit road trip d&rsquo;une semaine ( du 22 au 29 septembre 2024). Escapade vers des sites qui regorgent d\u2019une faune que l\u2019on croyait r\u00e9serv\u00e9e aux lointaines contr\u00e9es : ours, chamois, mouflons, chats sauvages, loups et lynx, jusqu\u2019aux mangoustes qui se dorent la pilule.<\/p>\n\n\n\n<p> H\u00e2te de d\u00e9couvrir les lacs de Plitvice et leurs 92 chutes, merveilles naturelles entour\u00e9es de for\u00eats !  Se perdre dans les ruelles du vieux Trogir. Fl\u00e2ner \u00e0 Split dans l\u2019incroyable palais de l\u2019empereur Diocl\u00e9tien etc.<\/p>\n","protected":false},"excerpt":{"rendered":"<p>ROAD TRIP CROATIE Amoureux de la nature, nous optons cette ann\u00e9e pour les parcs nationaux de la Croatie, un petit road trip d&rsquo;une semaine ( du 22 au 29 septembre 2024). Escapade vers des sites qui regorgent d\u2019une faune que l\u2019on croyait r\u00e9serv\u00e9e aux lointaines contr\u00e9es : ours, chamois, mouflons, chats sauvages, loups et lynx,<\/p>\n","protected":false},"author":1,"featured_media":0,"parent":0,"menu_order":0,"comment_status":"closed","ping_status":"closed","template":"","meta":{"jetpack_post_was_ever_published":false,"footnotes":""},"class_list":["post-6399","page","type-page","status-publish","hentry"],"jetpack_sharing_enabled":true,"jetpack_shortlink":"https:\/\/wp.me\/P6Bpot-1Fd","jetpack_likes_enabled":true,"_links":{"self":[{"href":"https:\/\/mapatao.fr\/voyages\/index.php?rest_route=\/wp\/v2\/pages\/6399","targetHints":{"allow":["GET"]}}],"collection":[{"href":"https:\/\/mapatao.fr\/voyages\/index.php?rest_route=\/wp\/v2\/pages"}],"about":[{"href":"https:\/\/mapatao.fr\/voyages\/index.php?rest_route=\/wp\/v2\/types\/page"}],"author":[{"embeddable":true,"href":"https:\/\/mapatao.fr\/voyages\/index.php?rest_route=\/wp\/v2\/users\/1"}],"replies":[{"embeddable":true,"href":"https:\/\/mapatao.fr\/voyages\/index.php?rest_route=%2Fwp%2Fv2%2Fcomments&post=6399"}],"version-history":[{"count":2,"href":"https:\/\/mapatao.fr\/voyages\/index.php?rest_route=\/wp\/v2\/pages\/6399\/revisions"}],"predecessor-version":[{"id":6409,"href":"https:\/\/mapatao.fr\/voyages\/index.php?rest_route=\/wp\/v2\/pages\/6399\/revisions\/6409"}],"wp:attachment":[{"href":"https:\/\/mapatao.fr\/voyages\/index.php?rest_route=%2Fwp%2Fv2%2Fmedia&parent=6399"}],"curies":[{"name":"wp","href":"https:\/\/api.w.org\/{rel}","templated":true}]}}