{"id":64,"date":"2012-07-02T05:33:44","date_gmt":"2012-07-02T05:33:44","guid":{"rendered":"http:\/\/mapatao.free.fr\/?page_id=64"},"modified":"2012-07-02T05:33:44","modified_gmt":"2012-07-02T05:33:44","slug":"carnet-de-route","status":"publish","type":"page","link":"https:\/\/mapatao.fr\/voyages\/?page_id=64","title":{"rendered":"Carnet de route Argentine"},"content":{"rendered":"<h1><strong><span style=\"font-family: Calibri;\">Argentine, Br\u00e9sil et Chili : des ch\u00fbtes d&rsquo;Iguazu \u00e0 Ushuaia<\/span><\/strong><\/h1>\n<p><strong><span style=\"font-family: Calibri;\">26\/27 d\u00e9cembre 2008<\/span><\/strong><\/p>\n<p><span style=\"font-family: Calibri;\"><span style=\"color: #000000;\">Arriv\u00e9e \u00e0 Buenos Aires. D\u00e9couverte de la ville : place de Mayo (qui relie la Casa Tosada au Palais du congr\u00e8s de la Nation Argentine), la maison de la culture, le Palacio Barolo, le caf\u00e9 Tortoni, le mus\u00e9e Evita. Visite des diff\u00e9rents quartiers comme San Telmo, les jardins de Palermo et surtout la Boca. Ce quartier ne manque pas de charme, avec ses baraques multicolores <\/span><span style=\"color: #000000;\">en t\u00f4le ondul\u00e9e peintes avec le reste des peintures des bateaux du port. N&rsquo;oublions pas l&rsquo;all\u00e9e Caminito. Des danseurs de Tango animent la rue, occup\u00e9e par les restaurants et les marchands d&rsquo;artisanats ou de tableaux. <\/span><\/span><\/p>\n<p><span style=\"color: #000000; font-family: Times New Roman; font-size: small;\">\u00a0<\/span><\/p>\n<p><strong><span style=\"font-family: Calibri;\">28\/29 d\u00e9cembre 2008 : Buenos Aires \/ Chutes d&rsquo; Iguazu<\/span><\/strong><\/p>\n<p><span style=\"color: #000000; font-family: Calibri;\">Nous commen\u00e7ons par un panoramique des chutes c\u00f4t\u00e9 Br\u00e9sil, dont le parcours est plus court. 80% des chutes se trouvent sur le territoire argentin, si bien que la vue du c\u00f4t\u00e9 Br\u00e9sil offre une toute autre perspective. Le circuit commence par le sentier las \u00ab\u00a0Cataratas\u00a0\u00bb (1,2 km et quelques escaliers) qui emm\u00e8ne jusqu&rsquo;au point de vue principal, la Garganta Del Diablo accessible par une passerelle de 500m de long. Pour la deuxi\u00e8me journ\u00e9e, sac au dos, bouteille d&rsquo;eau et c&rsquo;est partie pour une journ\u00e9e compl\u00e8te c\u00f4t\u00e9 Argentine. Journ\u00e9e dans les chutes, sous les chutes, au dessus des chutes. L&rsquo;excursion commence par un trajet en train jusqu&rsquo;\u00e0 la maison Garganta Del Diablo. De l\u00e0 part une passerelle de 1100m jusqu&rsquo;au mirador de la gorge du diable, la chute la plus impressionnante de toutes. Ensuite on commence tout un parcours \u00e0 pied sur des passerelles (l\u00e0 on aper\u00e7oit les ca\u00efmans qui dorment paisiblement). Puis route sur le circuit inf\u00e9rieur et l\u00e0 on ne compte plus les escaliers, c&rsquo;est de la folie. Pour se rafraichir nous d\u00e9cidons de prendre un bateau pour rejoindre l&rsquo;\u00efle San Martin o\u00f9 l&rsquo;on fait un circuit de point de vue en point de vue au c\u0153ur des chutes et sous les chutes. Si vous y allez un jour, ne soyez pas aussi idiots que nous, rien de tel que le maillot de bain, car on va vraiment sous les chutes et on ressort tremp\u00e9 et c&rsquo;est un faible mot. Ce site est magique, d&rsquo;une rare beaut\u00e9, impossible de trouver les mots pour le d\u00e9crire.Attention t\u00e9m\u00e9prature tr\u00e8s chaude avec un taux d&rsquo;humidit\u00e9 \u00e9norme. A boire,\u00a0\u00e0 boire,\u00a0\u00e0 boire &#8230;.<\/span><\/p>\n<p><strong><span style=\"font-family: Calibri;\">30 d\u00e9cembre 2008<\/span><\/strong><\/p>\n<p><span style=\"color: #000000; font-family: Times New Roman; font-size: small;\">\u00a0<\/span><span style=\"color: #000000; font-family: Calibri;\">Escale par Buenos aires, et on s&rsquo;envole pour la Patagonie des glaciers. A l&rsquo;a\u00e9roport, nous prenons notre voiture et c&rsquo;est partie pour l&rsquo;aventure, au c\u0153ur de paysages sublimes \u00e0 couper le souffle. Arriv\u00e9e \u00e0 El Calafate, ville qui doit son nom \u00e0 une baie qui ressemble \u00e0 la myrtille \u00e0 d\u00e9guster avec la plus tendre des viandes Argentine. Cette ville ressemble \u00e0 une station de ski familiale. On s&rsquo;installe \u00e0 l&rsquo;Ost\u00e9ria La Espada, \u00e0 l&rsquo;architecture typique de Patagonie, avec une vue imprenable sur le lac Argentino (le plus grand d&rsquo;Argentine) o\u00f9 l&rsquo;on aper\u00e7oit nos premiers icebergs. <\/span><\/p>\n<p><span style=\"color: #000000; font-family: Calibri;\">Puis \u00e0 18h d\u00e9part avec un guide pour un raid 4&#215;4 sur les hauteurs D&rsquo;El Calafate. La parcours passe par 3 zones dignes d&rsquo;int\u00e9r\u00eats, le balcon de Calafate, un excellent point de vue sur le lac, El laberinto, r\u00e9gion compos\u00e9e de gros champignons min\u00e9raux et Piedra de los Sambreros, sorte d&rsquo;inclusions dans les rochers ressemblant \u00e0 des chapeaux mexicains, dont on n&rsquo;a pas encore d&rsquo;explication scientifique.<\/span><\/p>\n<p><strong><span style=\"font-family: Calibri;\">31 d\u00e9cembre 2008<\/span><\/strong><\/p>\n<p><span style=\"color: #000000; font-family: Calibri;\">Apr\u00e8s avoir contempler les lumi\u00e8res du matin, nous partons pour le port de Punta Bandera. Excursion d&rsquo;une journ\u00e9e \u00e0 bord d&rsquo;un catamaran sur le bras nord du lac Argentino. Nous zigzaguons entre les icebergs (tempanos en espagnol) et le bateau nous entraine dans les diff\u00e9rents bras du lac jusqu&rsquo;au pied des principaux glaciers du champ de glace patagonique : Spegazzini, dont les parois font 80m de hauteur, Upsalla, le second plus vaste glacier des 350 que compte le parc, et Onelli. Nous devions d\u00e9barquer sur la glace pour d\u00e9jeuner, mais l&rsquo;instabilit\u00e9 annonc\u00e9e nous emp\u00eache de s&rsquo;arr\u00eater. Carrousel de glace : La baie est remplie d&rsquo;icebergs, nous sommes entour\u00e9s d&rsquo;un d\u00e9cor \u00e9poustouflant de glaciers et de pics. Chevauch\u00e9es de bleus intenses, pastels et opaques, une pure merveille !<\/span><\/p>\n<p><strong><span style=\"font-family: Calibri;\">1er d\u00e9cembre 2009<\/span><\/strong><\/p>\n<p><span style=\"font-family: Calibri;\"><span style=\"color: #000000;\">Direction le parc du glacier Perito Moreno <\/span><span style=\"color: #000000;\">:<\/span><span style=\"color: #000000;\"> <\/span><span style=\"color: #000000;\">5 000 m\u00e8tres de front et la hauteur de glace est de <\/span><span style=\"color: #000000;\">170 m\u00e8tres<\/span><span style=\"color: #000000;\">, dont <\/span><span style=\"color: #000000;\">74 m\u00e8tres<\/span><span style=\"color: #000000;\"> sont \u00e9merg\u00e9s. Avec une surface de 250 km2 et une longueur de 30 kilom\u00e8tres, il fait partie des 48 glaciers aliment\u00e9s par le champ de glace sud de Patagonie, dans la Cordill\u00e8re des Andes, que l&rsquo;Argentine partage avec le Chili. Parcours de passerelles, mini trecking sur la partie sud du glacier. Et ca mitraille dur&#8230;<\/span><\/span><\/p>\n<p><strong><span style=\"font-family: Calibri;\">2 d\u00e9cembre 2009<\/span><\/strong><\/p>\n<p><span style=\"color: #000000; font-family: Calibri;\">Apr\u00e8s un bon petit d\u00e9jeuner, nous partons en direction du Chili en passant par Esperanza au c\u0153ur de Santa Cruz, puis par le poste fronti\u00e8re de Cerro Castillo. On passera les d\u00e9tails du passage folklorique des douanes. Ca se raconte plus qu&rsquo;on ne l&rsquo;\u00e9crit. Nous sommes accueillis pendant 2 jours dans une estancia. Promenade sur les berges du lac Verde, sur les alpages au dessus de l&rsquo;host\u00e9ria pour \u00e9largir le panorama. Les Gauchos nous proposent une ballade \u00e0 cheval pour visiter l&rsquo;estancia. Diner et nuit \u00e0 l&rsquo;auberge avant d&rsquo;attaquer demain de tr\u00e8s bonne heure la d\u00e9couverte du parc Torres Del Paine.<\/span><\/p>\n<p><strong><span style=\"font-family: Calibri;\">3 janvier 2009<\/span><\/strong><\/p>\n<p><span style=\"color: #000000; font-family: Calibri;\">D\u00e9part tr\u00e8s t\u00f4t le matin pour profiter le plus possible du parc Torres Del Paine. Les pistes longent tout le massif en zigzagant entre les lacs aux couleurs laiteuses ou turquoises selon l&rsquo;orientation du soleil. Les ghuaanocos se pr\u00e9lassent sur le route alors que les condors voelnt au dessus de nos t\u00eates. On aper\u00e7oit Las Torres en premier lieu, puis nous d\u00e9couvrons progressivement Los Cuernos et le glacier fran\u00e7ais. Nous poussons directement jusqu&rsquo;au lac Grey. Petite marche de 45mn jusqu&rsquo;au bout de la p\u00e9ninsule. L\u00e0 nous embarquons pour 4h d&rsquo;excursion nautique sur le lac qui nous emm\u00e8ne jusqu&rsquo;au pied du glacier. Les d\u00e9grad\u00e9s des couleurs et les transparences de la glace sont \u00e9tonnants. Il neige en plein \u00e9t\u00e9 ! Rien de tel qu&rsquo;un wisky \/glace (du glacier bien sur)pour se r\u00e9chauffer !<\/span><\/p>\n<p><strong><span style=\"font-family: Calibri;\">4 janvier 2009<\/span><\/strong><\/p>\n<p><span style=\"font-family: Calibri;\"><span style=\"color: #000000;\">Nous profitons de la matin\u00e9e pour d\u00e9couvrir les activit\u00e9s du l&rsquo;estancia Cerro Guido : tonte des moutons, \u00e9cole, h\u00f4pital &#8230; une ferme avec tous les services d&rsquo;un village. D&rsquo;ailleurs l&rsquo;institutrice qui accueille tous les enfants des gauchos de l&rsquo;estancia vient <\/span><span style=\"color: #000000;\">de partir. Il me propose le poste me sp\u00e9cifiant qu&rsquo;il ne paie pas beaucoup mais qu&rsquo;il m&rsquo;offre un cheval comme moyen de locomotion. Je d\u00e9cline l&rsquo;offre. On quitte ces gens vraiment super pour retourner sur El Calafate, repasser la douane (de nouveau comique).<\/span><\/span><\/p>\n<p><strong><span style=\"font-family: Calibri;\">5 Janvier 2009<\/span><\/strong><\/p>\n<p><span style=\"font-family: Calibri;\"><span style=\"color: #000000;\">Nous quittons El Calafate pour s&rsquo;envoler vers Ushuaia. Arriv\u00e9s sur place, nous r\u00e9cup\u00e9rons un nouveau v\u00e9hicule pour rejoindre l&rsquo;estancia El Rolito. Plusieurs arr\u00eats s&rsquo;imposent : dans la vall\u00e9e de Tierra Mayor, le col Garibaldi et l&rsquo;host\u00e9ria Kaiken dominant le lac Fagnano. El Rolito est une petite estancia de 17000 hectares se consacrant \u00e0 l&rsquo;\u00e9levage du mouton. Nous sommes accueillis par Annie et p\u00e9p\u00e9, 2 amours de personnes. Lui, ancien chirurgien de Buenos Aires a tout laiss\u00e9 tomber pour rejoindre Annie au fin fond de la Patagonie et \u00e9lever des moutons. Ils trouvent que la langue Fran\u00e7aise est la plus belle du monde et <\/span><span style=\"color: #000000;\">l&rsquo;ont appris \u00e0 leurs enfants. Bref nous nous retrouvons \u00e0 des milliers de kilom\u00e8tres \u00e0 partager le repas de ces gens charmants en discutaillant dans notre langue. Nous sommes en pleine p\u00e9riode de tonte des moutons. Activit\u00e9 que nous d\u00e9couvrons et \u00e0 laquelle nous participons . Il neige, nous devons rabattre tous les moutons tondus sous les arbres. De la gr\u00eale leur serait fatal. Journ\u00e9e des plus agr\u00e9ables et bien remplie.<\/span><\/span><\/p>\n<p><strong><span style=\"font-family: Calibri;\">6 Janvier 2009<\/span><\/strong><\/p>\n<p><span style=\"color: #000000;\"><span style=\"font-family: Calibri;\"><span style=\"color: #000000; font-family: Times New Roman; font-size: xx-small;\">A<\/span>pr\u00e8s le d\u00e9marrage des activit\u00e9s de l&rsquo;estancia, nous profitons d&rsquo;une petite vir\u00e9e au cap San Pablo pour admirer les plages et la vue depuis le phare, observer les restes du Desdemona \u00e9chou\u00e9 sur les plages, les nombreux oiseaux et fleurs comme la belle orchid\u00e9e de Magellan.<strong> <\/strong><\/span><\/span><\/p>\n<p><span style=\"color: #000000; font-family: Calibri;\">Nous revenons vers l&rsquo;estancia , partageons le d\u00e9jeuner et le mat\u00e9 avec Annie, P\u00e9p\u00e9 et leur fils. Nous sommes tellement bien avec eux, que l&rsquo;on aimerait prolonger ce moment et rester quelques jours de plus. Malheureusement la suite du programme nous attends. On se quitte en se promettant de continuer \u00e0 \u00e9changer. Nous regagnons Ushuaia apr\u00e8s avoir travers\u00e9 des for\u00eats de nires et de lengas. Ces arbres deviennent orange et rouge criard \u00e0 l&rsquo;automne et enflamment toute la terre de feu. Panorama de la ville depuis le port de plaisance. <\/span><\/p>\n<p><strong><span style=\"font-family: Calibri;\">7 janvier 2009<\/span><\/strong><\/p>\n<p><span style=\"font-family: Calibri;\"><span style=\"color: #000000;\">Nous devions partir en excursion sur le canal de Beagle mais la m\u00e9t\u00e9o ne nous permet pas de naviguer. <\/span><span style=\"color: #000000;\">Aussi nous partons explorer le parc national terre de feu. Marche sur des sentiers faciles et plats. Le parcours passe entre le lac Roca, la rivi\u00e8re Pipo, les tourbi\u00e8res, une foret de lengas et des barrages de castors. On arrive jusqu&rsquo;\u00e0 l&#8217;embarcad\u00e8re o\u00f9 se trouve l&rsquo;unit\u00e9 postale la plus australe du pays. On y fait tamponner nos passeports et en profitons pour envoyer quelques cartes , qui nous le saurons plus tard n&rsquo;arriveront en France qu&rsquo;en avril.<\/span><\/span><\/p>\n<p><span style=\"color: #000000; font-family: Calibri;\">19h30, nous sommes attendus au refuge de Solar del Bosque pour un diner et l&rsquo;observation des castors. Petite marche jusqu&rsquo;au barrage et observation des castors et des d\u00e9gats montrueux qu&rsquo;ils occasionnent.<\/span><\/p>\n<p><strong><span style=\"color: #000000; font-family: Calibri;\">8 janvier 2009.<\/span><\/strong><\/p>\n<p><span style=\"font-family: Calibri;\"><span style=\"color: #000000;\">Tout est redevenu calme aussi nous partons pour notre excursion sur le canal de Beagle. Embarquement <\/span><span style=\"color: #000000;\">en zodiac (vive les polaires et les supers anoraks) pour visiter l&rsquo;\u00eele Martillo situ\u00e9e \u00e0 2h de bateau. Cette \u00eele h\u00e9berge un importante colonie de manchots de Magellan et de manchots de papous. Nous d\u00e9barquons sur la plage et pouvons suffisamment nous approcher pour les observer et les photographier. Sur le canal de Beagle, nous passons par le c\u00e9l\u00e8bre phare des \u00e9claireurs et la isla de Los Lobos o\u00f9 nous observons de nombreux loups de mer et oiseaux. Spectacle incroyable. Saviez-vous qu&rsquo;un lion de mer avait environ 8 \u00e0 9 femelles rien que pour lui ?<\/span><\/span><\/p>\n<p><strong><span style=\"font-family: Calibri;\">9\/10 janvier 2009.<\/span><\/strong><\/p>\n<p><span style=\"color: #000000; font-family: Calibri;\">Fin d&rsquo;un voyage fabuleux du bout du monde. Retour pour une nuit \u00e0 Buenos Aires et direction Paris au petit matin.<\/span><\/p>\n<p><span style=\"color: #000000; font-family: Calibri;\">Voyage r\u00e9alis\u00e9 avec Argentina excepcion\u00a0 : <a href=\"http:\/\/www.argentina-excepcion.com\/\"><em><strong>www.argentina-excepcion.com<\/strong><\/em><em><strong> <\/strong><\/em><\/a><\/span><\/p>\n","protected":false},"excerpt":{"rendered":"<p>Argentine, Br\u00e9sil et Chili : des ch\u00fbtes d&rsquo;Iguazu \u00e0 Ushuaia 26\/27 d\u00e9cembre 2008 Arriv\u00e9e \u00e0 Buenos Aires. D\u00e9couverte de la ville : place de Mayo (qui relie la Casa Tosada au Palais du congr\u00e8s de la Nation Argentine), la maison de la culture, le Palacio Barolo, le caf\u00e9 Tortoni, le mus\u00e9e Evita. Visite des diff\u00e9rents<\/p>\n","protected":false},"author":1,"featured_media":0,"parent":9,"menu_order":0,"comment_status":"open","ping_status":"closed","template":"","meta":{"jetpack_post_was_ever_published":false,"footnotes":""},"class_list":["post-64","page","type-page","status-publish","hentry"],"jetpack_sharing_enabled":true,"jetpack_shortlink":"https:\/\/wp.me\/P6Bpot-12","jetpack_likes_enabled":true,"_links":{"self":[{"href":"https:\/\/mapatao.fr\/voyages\/index.php?rest_route=\/wp\/v2\/pages\/64","targetHints":{"allow":["GET"]}}],"collection":[{"href":"https:\/\/mapatao.fr\/voyages\/index.php?rest_route=\/wp\/v2\/pages"}],"about":[{"href":"https:\/\/mapatao.fr\/voyages\/index.php?rest_route=\/wp\/v2\/types\/page"}],"author":[{"embeddable":true,"href":"https:\/\/mapatao.fr\/voyages\/index.php?rest_route=\/wp\/v2\/users\/1"}],"replies":[{"embeddable":true,"href":"https:\/\/mapatao.fr\/voyages\/index.php?rest_route=%2Fwp%2Fv2%2Fcomments&post=64"}],"version-history":[{"count":0,"href":"https:\/\/mapatao.fr\/voyages\/index.php?rest_route=\/wp\/v2\/pages\/64\/revisions"}],"up":[{"embeddable":true,"href":"https:\/\/mapatao.fr\/voyages\/index.php?rest_route=\/wp\/v2\/pages\/9"}],"wp:attachment":[{"href":"https:\/\/mapatao.fr\/voyages\/index.php?rest_route=%2Fwp%2Fv2%2Fmedia&parent=64"}],"curies":[{"name":"wp","href":"https:\/\/api.w.org\/{rel}","templated":true}]}}