{"id":6639,"date":"2025-09-13T17:01:13","date_gmt":"2025-09-13T17:01:13","guid":{"rendered":"https:\/\/mapatao.fr\/voyages\/?page_id=6639"},"modified":"2025-09-14T07:09:37","modified_gmt":"2025-09-14T07:09:37","slug":"les-acores-2025","status":"publish","type":"page","link":"https:\/\/mapatao.fr\/voyages\/?page_id=6639","title":{"rendered":"Les A\u00e7ores (2025)"},"content":{"rendered":"\n<figure class=\"wp-block-image size-large\"><a href=\"https:\/\/mapatao.fr\/voyages\/wp-content\/uploads\/2025\/09\/vila_franca_do_campo.jpg\"><img loading=\"lazy\" decoding=\"async\" width=\"1024\" height=\"766\" src=\"https:\/\/mapatao.fr\/voyages\/wp-content\/uploads\/2025\/09\/vila_franca_do_campo-1024x766.jpg\" alt=\"\" class=\"wp-image-6640\" srcset=\"https:\/\/mapatao.fr\/voyages\/wp-content\/uploads\/2025\/09\/vila_franca_do_campo-1024x766.jpg 1024w, https:\/\/mapatao.fr\/voyages\/wp-content\/uploads\/2025\/09\/vila_franca_do_campo-300x225.jpg 300w, https:\/\/mapatao.fr\/voyages\/wp-content\/uploads\/2025\/09\/vila_franca_do_campo-768x575.jpg 768w, https:\/\/mapatao.fr\/voyages\/wp-content\/uploads\/2025\/09\/vila_franca_do_campo-1536x1150.jpg 1536w, https:\/\/mapatao.fr\/voyages\/wp-content\/uploads\/2025\/09\/vila_franca_do_campo-2048x1533.jpg 2048w\" sizes=\"auto, (max-width: 1024px) 100vw, 1024px\" \/><\/a><\/figure>\n\n\n\n<p><strong>Tr\u00e9sors de l&rsquo;atlantique<\/strong><\/p>\n\n\n\n<p>Les A\u00e7ores, cet archipel perdu au milieu de l\u2019Atlantique, sont une v\u00e9ritable invitation \u00e0 l\u2019\u00e9vasion. Situ\u00e9es au large des c\u00f4tes portugaises, ces\u00a09 \u00eeles volcaniques\u00a0offrent une nature pr\u00e9serv\u00e9e, des paysages \u00e0 couper le souffle, et une atmosph\u00e8re de s\u00e9r\u00e9nit\u00e9 incomparable. Que l\u2019on soit amateur de randonn\u00e9e, amoureux de la faune marine ou simplement en qu\u00eate de tranquillit\u00e9, les A\u00e7ores ne manquent pas de s\u00e9duire.<\/p>\n\n\n\n<p>Les A\u00e7ores c\u2019est\u00a0<strong>la nature \u00e0 l\u2019\u00e9tat pur,<\/strong>\u00a0une\u00a0<strong>destination encore confidentielle et authentique<\/strong>.<\/p>\n","protected":false},"excerpt":{"rendered":"<p>Tr\u00e9sors de l&rsquo;atlantique Les A\u00e7ores, cet archipel perdu au milieu de l\u2019Atlantique, sont une v\u00e9ritable invitation \u00e0 l\u2019\u00e9vasion. Situ\u00e9es au large des c\u00f4tes portugaises, ces\u00a09 \u00eeles volcaniques\u00a0offrent une nature pr\u00e9serv\u00e9e, des paysages \u00e0 couper le souffle, et une atmosph\u00e8re de s\u00e9r\u00e9nit\u00e9 incomparable. Que l\u2019on soit amateur de randonn\u00e9e, amoureux de la faune marine ou simplement<\/p>\n","protected":false},"author":1,"featured_media":0,"parent":0,"menu_order":0,"comment_status":"closed","ping_status":"closed","template":"","meta":{"jetpack_post_was_ever_published":false,"footnotes":""},"class_list":["post-6639","page","type-page","status-publish","hentry"],"jetpack_sharing_enabled":true,"jetpack_shortlink":"https:\/\/wp.me\/P6Bpot-1J5","jetpack_likes_enabled":true,"_links":{"self":[{"href":"https:\/\/mapatao.fr\/voyages\/index.php?rest_route=\/wp\/v2\/pages\/6639","targetHints":{"allow":["GET"]}}],"collection":[{"href":"https:\/\/mapatao.fr\/voyages\/index.php?rest_route=\/wp\/v2\/pages"}],"about":[{"href":"https:\/\/mapatao.fr\/voyages\/index.php?rest_route=\/wp\/v2\/types\/page"}],"author":[{"embeddable":true,"href":"https:\/\/mapatao.fr\/voyages\/index.php?rest_route=\/wp\/v2\/users\/1"}],"replies":[{"embeddable":true,"href":"https:\/\/mapatao.fr\/voyages\/index.php?rest_route=%2Fwp%2Fv2%2Fcomments&post=6639"}],"version-history":[{"count":2,"href":"https:\/\/mapatao.fr\/voyages\/index.php?rest_route=\/wp\/v2\/pages\/6639\/revisions"}],"predecessor-version":[{"id":7098,"href":"https:\/\/mapatao.fr\/voyages\/index.php?rest_route=\/wp\/v2\/pages\/6639\/revisions\/7098"}],"wp:attachment":[{"href":"https:\/\/mapatao.fr\/voyages\/index.php?rest_route=%2Fwp%2Fv2%2Fmedia&parent=6639"}],"curies":[{"name":"wp","href":"https:\/\/api.w.org\/{rel}","templated":true}]}}