{"id":664,"date":"2012-08-04T15:20:29","date_gmt":"2012-08-04T15:20:29","guid":{"rendered":"http:\/\/mapatao.free.fr\/?page_id=664"},"modified":"2015-08-17T07:22:26","modified_gmt":"2015-08-17T07:22:26","slug":"ile-de-la-reunion","status":"publish","type":"page","link":"https:\/\/mapatao.fr\/voyages\/?page_id=664","title":{"rendered":"Ile de la R\u00e9union (2011)"},"content":{"rendered":"<p>D\u00e9cembre 2011 &#8211; janvier 2012<\/p>\n<p><img loading=\"lazy\" decoding=\"async\" class=\" size-medium wp-image-2577 alignleft\" src=\"http:\/\/mapatao.fr\/voyages\/wp-content\/uploads\/2012\/08\/IMG_1717-300x202.jpg\" alt=\"Piton de la fournaise\" width=\"300\" height=\"202\" srcset=\"https:\/\/mapatao.fr\/voyages\/wp-content\/uploads\/2012\/08\/IMG_1717-300x202.jpg 300w, https:\/\/mapatao.fr\/voyages\/wp-content\/uploads\/2012\/08\/IMG_1717-1024x688.jpg 1024w\" sizes=\"auto, (max-width: 300px) 100vw, 300px\" \/>En plein h\u00e9misph\u00e8re sud, La R\u00e9union, \u00ab\u00a0l\u2019\u00eele intense\u00a0\u00bb, flirte avec le tropique du Capricorne. Elle est\u00a0vivante, surprenante et continuellement en mouvement. La nature semble explose de tous c\u00f4t\u00e9s ! Que l\u2019on soit au bord d\u2019une falaise de lave noire comme du charbon, au pied d\u2019un piton aiguis\u00e9 et verdoyant, face \u00e0 une kyrielle de chutes d\u2019eau, perdu dans un cirque sauvage, au bord d\u2019un lagon vert et bleu ou au-dessus de ce fameux volcan.\u00a0Nous n&rsquo;oublierons pas non plus\u00a0l&rsquo;accueil de la population, les traditions (surtout pour le 1er janvier que nous avons v\u00e9cu), les march\u00e9s et bien sur les punchs et rhum arrang\u00e9.<\/p>\n","protected":false},"excerpt":{"rendered":"<p>D\u00e9cembre 2011 &#8211; janvier 2012 En plein h\u00e9misph\u00e8re sud, La R\u00e9union, \u00ab\u00a0l\u2019\u00eele intense\u00a0\u00bb, flirte avec le tropique du Capricorne. Elle est\u00a0vivante, surprenante et continuellement en mouvement. La nature semble explose de tous c\u00f4t\u00e9s ! Que l\u2019on soit au bord d\u2019une falaise de lave noire comme du charbon, au pied d\u2019un piton aiguis\u00e9 et verdoyant, face<\/p>\n","protected":false},"author":1,"featured_media":0,"parent":2337,"menu_order":11,"comment_status":"open","ping_status":"closed","template":"","meta":{"jetpack_post_was_ever_published":false,"footnotes":""},"class_list":["post-664","page","type-page","status-publish","hentry"],"jetpack_sharing_enabled":true,"jetpack_shortlink":"https:\/\/wp.me\/P6Bpot-aI","jetpack_likes_enabled":true,"_links":{"self":[{"href":"https:\/\/mapatao.fr\/voyages\/index.php?rest_route=\/wp\/v2\/pages\/664","targetHints":{"allow":["GET"]}}],"collection":[{"href":"https:\/\/mapatao.fr\/voyages\/index.php?rest_route=\/wp\/v2\/pages"}],"about":[{"href":"https:\/\/mapatao.fr\/voyages\/index.php?rest_route=\/wp\/v2\/types\/page"}],"author":[{"embeddable":true,"href":"https:\/\/mapatao.fr\/voyages\/index.php?rest_route=\/wp\/v2\/users\/1"}],"replies":[{"embeddable":true,"href":"https:\/\/mapatao.fr\/voyages\/index.php?rest_route=%2Fwp%2Fv2%2Fcomments&post=664"}],"version-history":[{"count":2,"href":"https:\/\/mapatao.fr\/voyages\/index.php?rest_route=\/wp\/v2\/pages\/664\/revisions"}],"predecessor-version":[{"id":2578,"href":"https:\/\/mapatao.fr\/voyages\/index.php?rest_route=\/wp\/v2\/pages\/664\/revisions\/2578"}],"up":[{"embeddable":true,"href":"https:\/\/mapatao.fr\/voyages\/index.php?rest_route=\/wp\/v2\/pages\/2337"}],"wp:attachment":[{"href":"https:\/\/mapatao.fr\/voyages\/index.php?rest_route=%2Fwp%2Fv2%2Fmedia&parent=664"}],"curies":[{"name":"wp","href":"https:\/\/api.w.org\/{rel}","templated":true}]}}