{"id":9,"date":"2012-06-28T14:51:13","date_gmt":"2012-06-28T14:51:13","guid":{"rendered":"http:\/\/mapatao.free.fr\/?page_id=9"},"modified":"2015-09-01T12:00:59","modified_gmt":"2015-09-01T12:00:59","slug":"argentine","status":"publish","type":"page","link":"https:\/\/mapatao.fr\/voyages\/?page_id=9","title":{"rendered":"Argentine et Patagonie (2007)"},"content":{"rendered":"<p><img loading=\"lazy\" decoding=\"async\" class=\"wp-image-3395 aligncenter\" src=\"http:\/\/mapatao.fr\/voyages\/wp-content\/uploads\/2015\/08\/193_9374q2-300x225.jpeg\" alt=\"193_9374\" width=\"246\" height=\"184\" srcset=\"https:\/\/mapatao.fr\/voyages\/wp-content\/uploads\/2015\/08\/193_9374q2-300x225.jpeg 300w, https:\/\/mapatao.fr\/voyages\/wp-content\/uploads\/2015\/08\/193_9374q2-1024x768.jpeg 1024w, https:\/\/mapatao.fr\/voyages\/wp-content\/uploads\/2015\/08\/193_9374q2.jpeg 1600w\" sizes=\"auto, (max-width: 246px) 100vw, 246px\" \/><\/p>\n<p><strong>D\u00e9cembre\u00a02007- Janvier 2008<\/strong><br \/>\n<a href=\"http:\/\/mapatao.fr\/voyages\/wp-content\/uploads\/2015\/08\/190_9067.jpeg\"><img loading=\"lazy\" decoding=\"async\" class=\"alignnone wp-image-3374\" src=\"http:\/\/mapatao.fr\/voyages\/wp-content\/uploads\/2015\/08\/190_9067-300x199.jpeg\" alt=\"190_9067\" width=\"204\" height=\"135\" srcset=\"https:\/\/mapatao.fr\/voyages\/wp-content\/uploads\/2015\/08\/190_9067-300x199.jpeg 300w, https:\/\/mapatao.fr\/voyages\/wp-content\/uploads\/2015\/08\/190_9067-1024x680.jpeg 1024w, https:\/\/mapatao.fr\/voyages\/wp-content\/uploads\/2015\/08\/190_9067.jpeg 2048w\" sizes=\"auto, (max-width: 204px) 100vw, 204px\" \/><\/a>Un spectacle naturel\u00a0 grandiose. Des chutes de l&rsquo;Iguaz\u00fa\u00a0\u00e0 la splendeur d\u00e9sol\u00e9e de la Patagonie, les paysages ont de quoi \u00e9blouir.\u00a0Nous assisterons au spectacle\u00a0impressionnant de la chute d\u2019icebergs sur le c\u00e9l\u00e8bre glacier le Perito Moreno, d\u00e9couvrirons le canal de Beagle (Ushuaia) avec ses lions de mer et pingouins, participerons \u00e0 la tonte des moutons dans les estancias&#8230; un r\u00eave qui devient r\u00e9alit\u00e9 au bout du monde.<\/p>\n<p>Ce voyage<img loading=\"lazy\" decoding=\"async\" class=\"wp-image-3427 alignleft\" src=\"http:\/\/mapatao.fr\/voyages\/wp-content\/uploads\/2015\/08\/196_9692-199x300.jpeg\" alt=\"196_9692\" width=\"140\" height=\"211\" srcset=\"https:\/\/mapatao.fr\/voyages\/wp-content\/uploads\/2015\/08\/196_9692-199x300.jpeg 199w, https:\/\/mapatao.fr\/voyages\/wp-content\/uploads\/2015\/08\/196_9692-680x1024.jpeg 680w, https:\/\/mapatao.fr\/voyages\/wp-content\/uploads\/2015\/08\/196_9692.jpeg 1360w\" sizes=\"auto, (max-width: 140px) 100vw, 140px\" \/> a \u00e9t\u00e9 con\u00e7u avec l&rsquo;aide d&rsquo;Argentina excepcion<\/p>\n","protected":false},"excerpt":{"rendered":"<p>D\u00e9cembre\u00a02007- Janvier 2008 Un spectacle naturel\u00a0 grandiose. Des chutes de l&rsquo;Iguaz\u00fa\u00a0\u00e0 la splendeur d\u00e9sol\u00e9e de la Patagonie, les paysages ont de quoi \u00e9blouir.\u00a0Nous assisterons au spectacle\u00a0impressionnant de la chute d\u2019icebergs sur le c\u00e9l\u00e8bre glacier le Perito Moreno, d\u00e9couvrirons le canal de Beagle (Ushuaia) avec ses lions de mer et pingouins, participerons \u00e0 la tonte des<\/p>\n","protected":false},"author":1,"featured_media":0,"parent":2337,"menu_order":17,"comment_status":"open","ping_status":"closed","template":"","meta":{"jetpack_post_was_ever_published":false,"footnotes":""},"class_list":["post-9","page","type-page","status-publish","hentry"],"jetpack_sharing_enabled":true,"jetpack_shortlink":"https:\/\/wp.me\/P6Bpot-9","jetpack_likes_enabled":true,"_links":{"self":[{"href":"https:\/\/mapatao.fr\/voyages\/index.php?rest_route=\/wp\/v2\/pages\/9","targetHints":{"allow":["GET"]}}],"collection":[{"href":"https:\/\/mapatao.fr\/voyages\/index.php?rest_route=\/wp\/v2\/pages"}],"about":[{"href":"https:\/\/mapatao.fr\/voyages\/index.php?rest_route=\/wp\/v2\/types\/page"}],"author":[{"embeddable":true,"href":"https:\/\/mapatao.fr\/voyages\/index.php?rest_route=\/wp\/v2\/users\/1"}],"replies":[{"embeddable":true,"href":"https:\/\/mapatao.fr\/voyages\/index.php?rest_route=%2Fwp%2Fv2%2Fcomments&post=9"}],"version-history":[{"count":5,"href":"https:\/\/mapatao.fr\/voyages\/index.php?rest_route=\/wp\/v2\/pages\/9\/revisions"}],"predecessor-version":[{"id":3760,"href":"https:\/\/mapatao.fr\/voyages\/index.php?rest_route=\/wp\/v2\/pages\/9\/revisions\/3760"}],"up":[{"embeddable":true,"href":"https:\/\/mapatao.fr\/voyages\/index.php?rest_route=\/wp\/v2\/pages\/2337"}],"wp:attachment":[{"href":"https:\/\/mapatao.fr\/voyages\/index.php?rest_route=%2Fwp%2Fv2%2Fmedia&parent=9"}],"curies":[{"name":"wp","href":"https:\/\/api.w.org\/{rel}","templated":true}]}}